{"id":5171,"date":"2023-02-03T16:32:33","date_gmt":"2023-02-03T16:32:33","guid":{"rendered":"https:\/\/ht-bc.com\/?page_id=5171"},"modified":"2025-03-28T12:52:55","modified_gmt":"2025-03-28T12:52:55","slug":"home","status":"publish","type":"page","link":"https:\/\/ht-bc.com\/de\/","title":{"rendered":"Home"},"content":{"rendered":"\n<section id=\"homepage-hero-block_21d19c2992a10b04dd578a7e58d2ed95\" class=\"homepage-hero w-screen h-screen relative bg-[#00000020] bg-blend-multiply  overflow-hidden\">\n          <div class=\"video-h absolute w-screen h-screen z-[-1]\">\n        <video id=\"video\" class=\"w-screen h-screen object-cover\" preload=\"auto\" playsinline autoplay muted loop >\n            <source src=\"https:\/\/ht-bc.com\/wp-content\/uploads\/2024\/09\/j30900_ht_bc_website_loop-1080p.mp4\" type=\"video\/mp4\">\n        <\/video>\n      <\/div>\n    <div class=\"container mx-auto flex z-50 justify-center h-screen text-white flex-col pb-16 md:pb-0\">\n    <h1 class=\"w-full text-35 tracking-[-1.75px] md:text-l xl:text-xl  leading-[1.1] mt-10 mb-5 md:mb-[45px]\" data-aos=\"fade-up\">Globally Connected. <br>Locally Committed.<\/h1>\n    <a href=\"https:\/\/player.vimeo.com\/video\/1010515589\" class=\"glightbox\" >\n      <div class=\"text-btn sm:text-md btn-white uppercase !font-semibold !text-white ml-0 mr-auto\" data-aos=\"fade-up\">Vollst\u00e4ndiges Video abspielen<\/div>\n    <\/a>\n  <\/div>\n\n  <div class=\"shape-overlay flex absolute items-center left-[-40vw] lg-pro:-left-[30vw] top-[-95vh] lg-pro:top-[-31vh] 2xl:top-[-95vh] z-[20] w-[300vw] sm:w-[250vw] lg:w-[200vw] 2xl:w-[140vw] h-[220vh] 2xl:h-[300vh] pointer-events-none\">\n            <div class=\"blue-column bg-[#EB0000] h-[300vh] flex-grow first:ml-0 ml-[-1px]\"><\/div>\n            <div class=\"blue-column bg-[#EB0000] h-[300vh] flex-grow first:ml-0 ml-[-1px]\"><\/div>\n            <div class=\"blue-column bg-[#EB0000] h-[300vh] flex-grow first:ml-0 ml-[-1px]\"><\/div>\n            <div class=\"blue-column bg-[#EB0000] h-[300vh] flex-grow first:ml-0 ml-[-1px]\"><\/div>\n            <div class=\"blue-column bg-[#EB0000] h-[300vh] flex-grow first:ml-0 ml-[-1px]\"><\/div>\n            <div class=\"blue-column bg-[#EB0000] h-[300vh] flex-grow first:ml-0 ml-[-1px]\"><\/div>\n            <div class=\"blue-column bg-[#EB0000] h-[300vh] flex-grow first:ml-0 ml-[-1px]\"><\/div>\n            <div class=\"blue-column bg-[#EB0000] h-[300vh] flex-grow first:ml-0 ml-[-1px]\"><\/div>\n            <div class=\"blue-column bg-[#EB0000] h-[300vh] flex-grow first:ml-0 ml-[-1px]\"><\/div>\n            <div class=\"blue-column bg-[#EB0000] h-[300vh] flex-grow first:ml-0 ml-[-1px]\"><\/div>\n            <div class=\"blue-column bg-[#EB0000] h-[300vh] flex-grow first:ml-0 ml-[-1px]\"><\/div>\n            <div class=\"blue-column bg-[#EB0000] h-[300vh] flex-grow first:ml-0 ml-[-1px]\"><\/div>\n            <div class=\"blue-column bg-[#EB0000] h-[300vh] flex-grow first:ml-0 ml-[-1px]\"><\/div>\n            <div class=\"blue-column bg-[#EB0000] h-[300vh] flex-grow first:ml-0 ml-[-1px]\"><\/div>\n            <div class=\"blue-column bg-[#EB0000] h-[300vh] flex-grow first:ml-0 ml-[-1px]\"><\/div>\n            <div class=\"blue-column bg-[#EB0000] h-[300vh] flex-grow first:ml-0 ml-[-1px]\"><\/div>\n            <div class=\"blue-column bg-[#EB0000] h-[300vh] flex-grow first:ml-0 ml-[-1px]\"><\/div>\n            <div class=\"blue-column bg-[#EB0000] h-[300vh] flex-grow first:ml-0 ml-[-1px]\"><\/div>\n            <div class=\"blue-column bg-[#EB0000] h-[300vh] flex-grow first:ml-0 ml-[-1px]\"><\/div>\n            <div class=\"blue-column bg-[#EB0000] h-[300vh] flex-grow first:ml-0 ml-[-1px]\"><\/div>\n      <\/div>\n  \n<\/section>\n\n\n\n<section id=\"what-we-do\" class=\"two-col-text\" style=\"background-color: #3c3c3c\">\n  <div class=\"site-container grid lg:grid-cols-2 gap-5 md:gap-10 container mx-auto py-24 md:py-44\" >\n    <div class=\"left-section\" >\n              <h1 class=\"text-white leading-[1.1] font-medium 2xl:mr-20 text-35 md:text-l lg:text-70 tracking-[-2.8px] \" data-aos=\"fade-up\">\u00dcber Uns<\/h1>\n          <\/div>\n    <div class=\"right-section text-white text-18 md:text-md xl:text-26 leading-[1.27] xl:leading-[33px]\">\n              <div class=\"wysywig \" data-aos=\"fade-up\" data-aos-delay=\"400\">\n          <p>Seit fast 50 Jahren ist H&amp;T Battery Components das weltweit f\u00fchrende Unternehmen im Bereich der vernickelten und rostfreien Batteriebecher und \u2013 stanzteile, sowie in der Herstellung von Werkzeugkomponenten f\u00fcr die Alkaline Batterieindustrie. H&amp;T ist mehr als nur ein Lieferant \u2013 wir sind ein vertrauensw\u00fcrdiger Partner und L\u00f6sungsanbieter, der sich folgenden Zielen widmet:<\/p>\n<ul>\n<li>F\u00fchrung in Innovation und Qualit\u00e4tsstandards f\u00fcr tiefgezogene und gestanzte Batteriekomponenten.<\/li>\n<li>Aufbau eines globalen Netzwerks von Werken und Expertise f\u00fcr die effiziente Belieferung und reaktionsf\u00e4higen Support.<\/li>\n<li>Weltweite Ausrichtung bei gleichzeitig lokaler Pr\u00e4senz.<\/li>\n<li>Engagement f\u00fcr nachhaltiges Handeln.<\/li>\n<\/ul>\n<p>H&amp;T Battery Components verf\u00fcgt \u00fcber das Know-how und die Ressourcen, um Ihre Vision zu begleiten.<\/p>\n        <\/div>\n      \n          <\/div>\n  <\/div>\n<\/section>\n\n\n\n\n  <section id=\"our-philosophy\" class=\"two-column-text-image   larger-text \">\n  <div class=\"site-container grid lg-pro:grid-cols-2 !w-full mx-auto !max-w-[1920px] relative\" >\n    \n    <div class=\"text flex flex-col justify-center mx-auto row-start-2 lg-pro:row-start-[unset] lg-pro:col-start-2 sm:w-4\/5 xl:w-3\/4 max-w-[680px] !col-start-1 pb-[100px] pt-10 lg-pro:py-16 relative\" >\n      <div class=\"scrollcontainer absolute top-0 lg:top-[140px] xl:top-[180px] left-0\"  id=\"our-philosophy\" ><\/div>\n      <h3 class=\"text-35 w-[calc(100vw-42px)] lg-pro:text-36 leading-[1.1] font-medium mb-[30px] xl:mb-[40px] xl:text-70 sm:w-full\" data-aos=\"fade-up\">Unsere Philosophie<\/h3>\n      <div class=\"wysywig w-[calc(100vw-42px)] text-18 leading-[21px] lg:leading-[28px] md:text-md  sm:w-full\" data-aos=\"fade-up\" data-aos-delay=\"300\">\n        <p>Unsere Mission geht \u00fcber die Komponentenherstellung hinaus. Sie wird von einer Philosophie geleitet, die jeden Aspekt beeinflusst, von ethisch beschafften Materialien \u00fcber ma\u00dfgeschneiderte Prozesse bis hin zu robusten Kooperationen. Dieses Engagement f\u00fchrt zu einer Null-Fehler-Exzellenz, wobei strenge Qualit\u00e4tskontrollen in jeder Phase integriert sind und eine beispiellose Zuverl\u00e4ssigkeit und Leistung gew\u00e4hrleisten, die Branchenstandards \u00fcbertreffen. H&amp;T Battery Components priorisiert Kundenorientierung, Prozess- und Produktexzellenz sowie erstklassigen Service durch ein globales Team mit lokaler Pr\u00e4senz, um au\u00dfergew\u00f6hnlichen Support weltweit zu gew\u00e4hrleisten.<\/p>\n      <\/div>\n                <\/div>\n    <div class=\"image-container col-start-1 w-full h-full lg-pro:row-start-1 lg-pro:col-start-2\">\n              <img decoding=\"async\" class=\"w-full h-full object-cover max-h-[315px] sm:max-h-[400px] lg:max-h-[unset] block md:hidden\" src=\"https:\/\/ht-bc.com\/wp-content\/uploads\/2025\/02\/Home-ourmissionnew-mobile3.jpg \" alt=\"\">\n        <img decoding=\"async\" class=\"w-full h-full object-cover max-h-[315px] sm:max-h-[400px] lg:max-h-[unset] hidden md:block\" src=\"https:\/\/ht-bc.com\/wp-content\/uploads\/2025\/02\/Home-ourmissionnew3.jpg \" alt=\"\">\n          <\/div>\n  <\/div>\n<\/section>\n\n\n\n<section id=\"our-products\" class=\"solutions-carousel pt-[75px] pb-[100px] md:py-36 border-grey border-solid border-t-[1px] sm:border-t-0 overflow-hidden\">\n  <div class=\"site-container flex flex-col container mx-auto\">\n    <h2 class=\"text-35 md:text-50 xl:text-70 font-medium leading-[1.15] mb-5 sm:mb-[53px] text-[#000]\">Unsere Produkte<\/h2>\n\n    \n         <div class=\"solutions-grid mb-0 grid grid-cols-1 md:grid-cols-2 gap-y-[50px] lg:gap-y-[54px] md:gap-x-[24px]\">\n\n          \n            <a href=\"\/de\/what-we-do\/#alkaline-battery-cans\" class=\"single-solution-tile relative bg-center bg-blend-multiply hover:bg-[#00000030] flex bg-cover bg-no-repeat flex-col overflow-hidden justify-between flex-grow h-[370px] sm:h-[580px] 2xl:h-[700px] aos-init aos-animate max-w-[804px] link-1\"  data-aos=\"fade-up\">\n                              <style>\n                  .link-1 {\n                    background-image: url('https:\/\/ht-bc.com\/wp-content\/uploads\/2024\/07\/Mob-01-Home-013.png');\n                  }\n                  @media screen and (min-width: 768px) {\n                    .link-1 {\n                      background-image: url('https:\/\/ht-bc.com\/wp-content\/uploads\/2024\/06\/Home-003.png');\n                    }\n                  }\n                <\/style>\n                            <div class=\"text absolute flex flex-col justify-between left-0 bottom-0 bg-[#EB0000] w-10\/12 max-w-[215px] md:max-w-[340px] px-4 sm:px-7 pt-4 pb-3 sm:py-7 min-h-[100px] lg:min-h-[150px]\">\n                <h5 class=\"font-bold text-sm md:text-18 lg:text-md leading-[1.1] mb-[18px] lg:mb-[32px]\">Batteriebecher fuer Alkaline Zellen<\/h5>\n                <div class=\"post-list__anchor text-btn btn-white uppercase\" >Ansehen<\/div>\n              <\/div>\n            <\/a>\n          \n            <a href=\"\/de\/what-we-do\/#alkaline-battery-stamped-parts\" class=\"single-solution-tile relative bg-center bg-blend-multiply hover:bg-[#00000030] flex bg-cover bg-no-repeat flex-col overflow-hidden justify-between flex-grow h-[370px] sm:h-[580px] 2xl:h-[700px] aos-init aos-animate max-w-[804px] link-2\"  data-aos=\"fade-up\">\n                              <style>\n                  .link-2 {\n                    background-image: url('https:\/\/ht-bc.com\/wp-content\/uploads\/2024\/07\/Mob-01-Home-014.png');\n                  }\n                  @media screen and (min-width: 768px) {\n                    .link-2 {\n                      background-image: url('https:\/\/ht-bc.com\/wp-content\/uploads\/2024\/06\/Home-004.png');\n                    }\n                  }\n                <\/style>\n                            <div class=\"text absolute flex flex-col justify-between left-0 bottom-0 bg-[#EB0000] w-10\/12 max-w-[215px] md:max-w-[340px] px-4 sm:px-7 pt-4 pb-3 sm:py-7 min-h-[100px] lg:min-h-[150px]\">\n                <h5 class=\"font-bold text-sm md:text-18 lg:text-md leading-[1.1] mb-[18px] lg:mb-[32px]\">Deckel und Boeden fuer Alkaline Batteriezellen<\/h5>\n                <div class=\"post-list__anchor text-btn btn-white uppercase\" >Ansehen<\/div>\n              <\/div>\n            <\/a>\n          \n            <a href=\"\/de\/what-we-do\/#primary-lithium-cans\" class=\"single-solution-tile relative bg-center bg-blend-multiply hover:bg-[#00000030] flex bg-cover bg-no-repeat flex-col overflow-hidden justify-between flex-grow h-[370px] sm:h-[580px] 2xl:h-[700px] aos-init aos-animate max-w-[804px] link-3\"  data-aos=\"fade-up\">\n                              <style>\n                  .link-3 {\n                    background-image: url('https:\/\/ht-bc.com\/wp-content\/uploads\/2024\/07\/Mob-01-Home-015.png');\n                  }\n                  @media screen and (min-width: 768px) {\n                    .link-3 {\n                      background-image: url('https:\/\/ht-bc.com\/wp-content\/uploads\/2024\/06\/Home-005.png');\n                    }\n                  }\n                <\/style>\n                            <div class=\"text absolute flex flex-col justify-between left-0 bottom-0 bg-[#EB0000] w-10\/12 max-w-[215px] md:max-w-[340px] px-4 sm:px-7 pt-4 pb-3 sm:py-7 min-h-[100px] lg:min-h-[150px]\">\n                <h5 class=\"font-bold text-sm md:text-18 lg:text-md leading-[1.1] mb-[18px] lg:mb-[32px]\">Batteriebecher fuer Lithium Primaer &#8211; und Spezialzellen<\/h5>\n                <div class=\"post-list__anchor text-btn btn-white uppercase\" >Ansehen<\/div>\n              <\/div>\n            <\/a>\n          \n            <a href=\"\/de\/what-we-do\/#tooling-components\" class=\"single-solution-tile relative bg-center bg-blend-multiply hover:bg-[#00000030] flex bg-cover bg-no-repeat flex-col overflow-hidden justify-between flex-grow h-[370px] sm:h-[580px] 2xl:h-[700px] aos-init aos-animate max-w-[804px] link-4\"  data-aos=\"fade-up\">\n                              <style>\n                  .link-4 {\n                    background-image: url('https:\/\/ht-bc.com\/wp-content\/uploads\/2024\/07\/Mob-01-Home-016.png');\n                  }\n                  @media screen and (min-width: 768px) {\n                    .link-4 {\n                      background-image: url('https:\/\/ht-bc.com\/wp-content\/uploads\/2024\/06\/Home-006.png');\n                    }\n                  }\n                <\/style>\n                            <div class=\"text absolute flex flex-col justify-between left-0 bottom-0 bg-[#EB0000] w-10\/12 max-w-[215px] md:max-w-[340px] px-4 sm:px-7 pt-4 pb-3 sm:py-7 min-h-[100px] lg:min-h-[150px]\">\n                <h5 class=\"font-bold text-sm md:text-18 lg:text-md leading-[1.1] mb-[18px] lg:mb-[32px]\">Werkzeugkomponenten fuer die Batteriefertigung<\/h5>\n                <div class=\"post-list__anchor text-btn btn-white uppercase\" >Ansehen<\/div>\n              <\/div>\n            <\/a>\n             \n      <\/div>\n    <\/section>\n\n\n\n<section id=\"services-block_1c50ba76e0da98ce59a175025cdba509\" class=\"services\" style=\"background-color: #ffffff\">\n      <div class=\"image-cont h-[315px] md:h-[430px]\">\n      <img decoding=\"async\" class=\"w-screen h-[315px] md:h-[430px] 2xl:h-full object-cover\" src=\"https:\/\/ht-bc.com\/wp-content\/uploads\/2023\/02\/Home-00008.png \" alt=\"\">\n    <\/div>\n    <div class=\"site-container flex flex-col container mx-auto pt-[40px] pb-[100px] lg:py-[150px] relative\" id=\"services\">\n    <div class=\"scrollto absolute top-[90px] lg:top-[160px] left-0\"><\/div>\n          <h1 class=\"\" >Kompetenzen &#038; Leistungen<\/h1>\n              <div class=\"content flex flex-col\">\n                  <div class=\"wysywig text-18 md:text-md xl:text-26 leading-[1.27] xl:leading-[33px]\">\n            <p>H&amp;T Battery Components ist mehr als nur ein Hersteller. Wir bieten eine umfassende Begleitung, von der ersten Musterentwicklung bis zur hocheffizienten Serienproduktion. Unsere Expertise umfasst pr\u00e4zisionsgefertigte Komponenten und massgeschneiderte Logistikl\u00f6sungen, die eine allumfassende Versorgung mit Batteriekomponenten gewaehrleisten.<\/p>\n<p>Unsere L\u00f6sungen umfassen:<\/p>\n<ul>\n<li>Kundenspezifische und standardisierte zylindrische Batteriebecher<\/li>\n<li>Stanzteile, wie Batteriedeckel und &#8211; boeden<\/li>\n<li>Werkzeugkonstruktion und &#8211; entwicklung f\u00fcr unsere massgeschneiderten Produktionsanlagen<\/li>\n<li>Starkes Netzwerk und Expertise in der Stahlindustrie f\u00fcr vernickelten Stahl<\/li>\n<\/ul>\n          <\/div>\n                          <div class=\"services-grid \">\n                          <a href=\"\/de\/what-we-do\/#quality\" class=\"single-service aos-init aos-animate\" data-aos=\"fade-up\" data-aos-delay=\"100\">\n                <img decoding=\"async\" src=\"https:\/\/ht-bc.com\/wp-content\/uploads\/2024\/06\/Home-008.png\" alt=\"\">\n                <div class=\"text-box\">\n                  <h5>Qualit\u00e4tssicherung<\/h5>\n                  <div class=\"relative post-list__anchor text-btn btn-red uppercase\">Ansehen<\/div>\n                <\/div>\n              <\/a>\n                          <a href=\"\/de\/what-we-do\/#technical-expertise\" class=\"single-service aos-init aos-animate\" data-aos=\"fade-up\" data-aos-delay=\"100\">\n                <img decoding=\"async\" src=\"https:\/\/ht-bc.com\/wp-content\/uploads\/2024\/09\/Home-012.png\" alt=\"\">\n                <div class=\"text-box\">\n                  <h5>Technische Expertise<\/h5>\n                  <div class=\"relative post-list__anchor text-btn btn-red uppercase\">Ansehen<\/div>\n                <\/div>\n              <\/a>\n                          <a href=\"\/de\/what-we-do\/#tool-press-design\" class=\"single-service aos-init aos-animate\" data-aos=\"fade-up\" data-aos-delay=\"100\">\n                <img decoding=\"async\" src=\"https:\/\/ht-bc.com\/wp-content\/uploads\/2024\/06\/Home-010.png\" alt=\"\">\n                <div class=\"text-box\">\n                  <h5>Eigener Werkzeug &#8211; und Maschinenbau <\/h5>\n                  <div class=\"relative post-list__anchor text-btn btn-red uppercase\">Ansehen<\/div>\n                <\/div>\n              <\/a>\n                      <\/div>\n              <\/div>\n      <\/div>\n<\/section>\n\n\n\n<section id=\"strategic-partnerships\" class=\"fifty-fifty bg-text pb-14 sm:py-20 lg:py-28 2xl:pt-[160px] 2xl:pb-[260px] overflow-hidden   header-moved   no-gap \">\n  <div class=\"sm:!w-[calc(100%-46px)] flex flex-col md:container xl:max-w-[1640px] mx-auto\" >\n\n      \n    <div class=\"flex flex-col-reverse md:grid md:grid-cols-[1fr_1.2fr]  \">\n      <div class=\"text max-w-[calc(100vw-46px)] mx-auto lg:ml-0 left-item\">\n        <h1 class=\"text-35 md:text-50 xl:text-70 font-medium leading-[1.1] mb-5 md:mb-[60px] xl:mb-18 text-white  \">Strategische Partnerschaften<\/h1>\n        <div class=\"wysywig text-18 md:text-md leading-[1.27] text-white\">\n          <p>H&amp;T Battery Components lebt starke globale Partnerschaften, die auf Vertrauen und gemeinsamen Zielen basieren. Unser umfangreiches Netzwerk gew\u00e4hrleistet effiziente Lieferketten, regionalisierte Produktion sowie Zugang zu Materialien und Expertise.<\/p>\n<p>Unsere globale Fertigungsinfrastruktur mit Standorten in Deutschland, China, Singapur und den USA ist einzigartig. H&amp;T begleitet Sie auf Ihrem Weg zu besten Ergebnissen; lokal sowie global.<\/p>\n        <\/div>\n      <\/div>\n      <div class=\"image-container w-full right-item mb-5 md:mb-0\">\n        <img decoding=\"async\" class=\"w-full h-auto  md:block hidden \" src=\"https:\/\/ht-bc.com\/wp-content\/uploads\/2024\/07\/map-home.svg\" alt=\"\">\n                  <img decoding=\"async\" class=\"w-full h-auto block md:hidden\" src=\"https:\/\/ht-bc.com\/wp-content\/uploads\/2024\/07\/Mob-01-Home-map-5.svg\" alt=\"\">\n              <\/div>\n    <\/div>\n  <\/div>\n<\/section>\n\n\n\n<section id=\"cta-banner-block_6f60ed428e126c30f686ff80dadd41b9\" class=\"cta-banner bg-no-repeat bg-cover\" style=\"background-image: url('https:\/\/ht-bc.com\/wp-content\/uploads\/2024\/06\/Home-012-e1720629111118.png')\">\n  <div class=\"site-container grid min-h-[70vh] lg:min-h-[1000px] container text-white mx-auto xl:max-w-[unset]\" >\n    <div class=\"content md:col-start-2 flex flex-col justify-center z-10 py-48 md:py-0 max-w-[808px]\">\n      <h1 class=\"text-35 md:text-50 2xl:text-70 font-medium leading-[1.1] mb-10 pt-3 sm:pt-10 xl:pt-0\" data-aos=\"fade-up\">Unser Engagement f\u00fcr morgen. Heute.<\/h1>\n      <div class=\"text wysywig text-18 md:text-md xl:text-26 leading-[1.27]  mb-12\" data-aos=\"fade-up\" data-aos-delay=\"200\">\n        <p>In der Erkenntnis, dass wahrer Erfolg von einer nachhaltigen Zukunft abh\u00e4ngt, setzt sich H&amp;T Battery Components f\u00fcr verantwortungsbewusste Beschaffung und Abfallminimierung durch innovative Produktion ein. Unser Engagement geht \u00fcber die Herstellung hinaus, da wir Initiativen zur F\u00f6rderung des Umweltbewusstseins unterst\u00fctzen. Arbeiten auch Sie mit H&amp;T Battery Components fuer eine bessere Zukunft.<\/p>\n \n      <\/div>\n      \n    <a href='https:\/\/ht-bc.com\/de\/sustainability-2\/' target='_self' class=\"text-btn btn-white w-full\">MEHR LESEN<\/a>\n      <\/div>\n  <\/div>\n<\/section>\n\n\n\n<section id=\"contact-cta-block_74cb6f98e2aaffda250158a2c5b6924c\" class=\"contact-cta py-36 md:py-0 md:h-[829px]\" style=\"background-color: #3c3c3c\">\n  <div class=\"site-container text-center flex flex-col items-center justify-center text-white  mx-auto h-full\">\n    <h1 class=\"font-medium leading-[1.1] text-l lg:text-70 xl:text-xl mb-10\" data-aos=\"fade-up\">Lassen Sie uns zusammenarbeiten<\/h1>\n    <div class=\"text\" data-aos=\"fade-up\" data-aos-delay=\"300\"><p>Gerne erfahren wir mehr \u00fcber Ihr Projekt<\/p>\n<\/div>\n    <a href=\"\/de\/contact\" target=\"\" class=\"btn-white-bg  min-w  hover:after:bg-white after:bg-  leading-none text-25 hover:!text-white lg:text-30 text-center\" >Kontaktieren Sie uns<\/a>\n  <\/div>\n<\/section>\n","protected":false},"excerpt":{"rendered":"","protected":false},"author":2,"featured_media":0,"parent":0,"menu_order":0,"comment_status":"closed","ping_status":"closed","template":"","meta":{"_acf_changed":false,"footnotes":""},"class_list":["post-5171","page","type-page","status-publish","hentry"],"acf":[],"yoast_head":"<!-- This site is optimized with the Yoast SEO plugin v27.0 - https:\/\/yoast.com\/product\/yoast-seo-wordpress\/ -->\n<title>Home - H&amp;T Battery Components<\/title>\n<meta name=\"robots\" content=\"index, follow, max-snippet:-1, max-image-preview:large, max-video-preview:-1\" \/>\n<link rel=\"canonical\" href=\"https:\/\/ht-bc.com\/de\/\" \/>\n<meta property=\"og:locale\" content=\"de_DE\" \/>\n<meta property=\"og:type\" content=\"article\" \/>\n<meta property=\"og:title\" content=\"Home - H&amp;T Battery Components\" \/>\n<meta property=\"og:url\" content=\"https:\/\/ht-bc.com\/de\/\" \/>\n<meta property=\"og:site_name\" content=\"H&amp;T Battery Components\" \/>\n<meta property=\"article:modified_time\" content=\"2025-03-28T12:52:55+00:00\" \/>\n<meta name=\"twitter:card\" content=\"summary_large_image\" \/>\n<script type=\"application\/ld+json\" class=\"yoast-schema-graph\">{\"@context\":\"https:\/\/schema.org\",\"@graph\":[{\"@type\":\"WebPage\",\"@id\":\"https:\/\/ht-bc.com\/de\/\",\"url\":\"https:\/\/ht-bc.com\/de\/\",\"name\":\"Home - H&amp;T Battery Components\",\"isPartOf\":{\"@id\":\"https:\/\/ht-bc.com\/#website\"},\"datePublished\":\"2023-02-03T16:32:33+00:00\",\"dateModified\":\"2025-03-28T12:52:55+00:00\",\"breadcrumb\":{\"@id\":\"https:\/\/ht-bc.com\/de\/#breadcrumb\"},\"inLanguage\":\"de\",\"potentialAction\":[{\"@type\":\"ReadAction\",\"target\":[\"https:\/\/ht-bc.com\/de\/\"]}]},{\"@type\":\"BreadcrumbList\",\"@id\":\"https:\/\/ht-bc.com\/de\/#breadcrumb\",\"itemListElement\":[{\"@type\":\"ListItem\",\"position\":1,\"name\":\"Home\",\"item\":\"https:\/\/ht-bc.com\/de\/\"},{\"@type\":\"ListItem\",\"position\":2,\"name\":\"Home\"}]},{\"@type\":\"WebSite\",\"@id\":\"https:\/\/ht-bc.com\/#website\",\"url\":\"https:\/\/ht-bc.com\/\",\"name\":\"H&amp;T Battery Components\",\"description\":\"\",\"potentialAction\":[{\"@type\":\"SearchAction\",\"target\":{\"@type\":\"EntryPoint\",\"urlTemplate\":\"https:\/\/ht-bc.com\/?s={search_term_string}\"},\"query-input\":{\"@type\":\"PropertyValueSpecification\",\"valueRequired\":true,\"valueName\":\"search_term_string\"}}],\"inLanguage\":\"de\"}]}<\/script>\n<!-- \/ Yoast SEO plugin. -->","yoast_head_json":{"title":"Home - H&amp;T Battery Components","robots":{"index":"index","follow":"follow","max-snippet":"max-snippet:-1","max-image-preview":"max-image-preview:large","max-video-preview":"max-video-preview:-1"},"canonical":"https:\/\/ht-bc.com\/de\/","og_locale":"de_DE","og_type":"article","og_title":"Home - H&amp;T Battery Components","og_url":"https:\/\/ht-bc.com\/de\/","og_site_name":"H&amp;T Battery Components","article_modified_time":"2025-03-28T12:52:55+00:00","twitter_card":"summary_large_image","schema":{"@context":"https:\/\/schema.org","@graph":[{"@type":"WebPage","@id":"https:\/\/ht-bc.com\/de\/","url":"https:\/\/ht-bc.com\/de\/","name":"Home - H&amp;T Battery Components","isPartOf":{"@id":"https:\/\/ht-bc.com\/#website"},"datePublished":"2023-02-03T16:32:33+00:00","dateModified":"2025-03-28T12:52:55+00:00","breadcrumb":{"@id":"https:\/\/ht-bc.com\/de\/#breadcrumb"},"inLanguage":"de","potentialAction":[{"@type":"ReadAction","target":["https:\/\/ht-bc.com\/de\/"]}]},{"@type":"BreadcrumbList","@id":"https:\/\/ht-bc.com\/de\/#breadcrumb","itemListElement":[{"@type":"ListItem","position":1,"name":"Home","item":"https:\/\/ht-bc.com\/de\/"},{"@type":"ListItem","position":2,"name":"Home"}]},{"@type":"WebSite","@id":"https:\/\/ht-bc.com\/#website","url":"https:\/\/ht-bc.com\/","name":"H&amp;T Battery Components","description":"","potentialAction":[{"@type":"SearchAction","target":{"@type":"EntryPoint","urlTemplate":"https:\/\/ht-bc.com\/?s={search_term_string}"},"query-input":{"@type":"PropertyValueSpecification","valueRequired":true,"valueName":"search_term_string"}}],"inLanguage":"de"}]}},"_links":{"self":[{"href":"https:\/\/ht-bc.com\/de\/wp-json\/wp\/v2\/pages\/5171","targetHints":{"allow":["GET"]}}],"collection":[{"href":"https:\/\/ht-bc.com\/de\/wp-json\/wp\/v2\/pages"}],"about":[{"href":"https:\/\/ht-bc.com\/de\/wp-json\/wp\/v2\/types\/page"}],"author":[{"embeddable":true,"href":"https:\/\/ht-bc.com\/de\/wp-json\/wp\/v2\/users\/2"}],"replies":[{"embeddable":true,"href":"https:\/\/ht-bc.com\/de\/wp-json\/wp\/v2\/comments?post=5171"}],"version-history":[{"count":24,"href":"https:\/\/ht-bc.com\/de\/wp-json\/wp\/v2\/pages\/5171\/revisions"}],"predecessor-version":[{"id":5770,"href":"https:\/\/ht-bc.com\/de\/wp-json\/wp\/v2\/pages\/5171\/revisions\/5770"}],"wp:attachment":[{"href":"https:\/\/ht-bc.com\/de\/wp-json\/wp\/v2\/media?parent=5171"}],"curies":[{"name":"wp","href":"https:\/\/api.w.org\/{rel}","templated":true}]}}