{"id":5139,"date":"2023-02-03T16:41:11","date_gmt":"2023-02-03T16:41:11","guid":{"rendered":"https:\/\/ht-bc.com\/privacy-settings\/"},"modified":"2025-01-08T16:56:43","modified_gmt":"2025-01-08T16:56:43","slug":"privacy-settings","status":"publish","type":"page","link":"https:\/\/ht-bc.com\/de\/privacy-settings\/","title":{"rendered":"Privacy Settings"},"content":{"rendered":"\n<style>\n  #inner-page-hero-block_ca79ef23a8faaa9bb36c2e51712a9b74{\n    background-image: url('https:\/\/ht-bc.com\/wp-content\/uploads\/2024\/07\/RED-Header.png'); background-position: center;\n  }\n  \n  <\/style>\n\n<section id=\"inner-page-hero-block_ca79ef23a8faaa9bb36c2e51712a9b74\" class=\"inner-page-hero  h-[100vh] sm:h-[80vh] xl:h-screen md:max-h-[640px] smaller  bg-no-repeat bg-right\">\n  \n  <div class=\"shape-overlay flex absolute items-center left-[-40vw] lg-pro:-left-[30vw] top-[-95vh] lg-pro:top-[-31vh] 2xl:top-[-95vh] z-[20] w-[300vw] sm:w-[250vw] lg:w-[200vw] 2xl:w-[140vw] h-[220vh] 2xl:h-[300vh] pointer-events-none\">\n            <div class=\"blue-column bg-[#EB0000] h-[300vh] flex-grow first:ml-0 ml-[-1px]\"><\/div>\n            <div class=\"blue-column bg-[#EB0000] h-[300vh] flex-grow first:ml-0 ml-[-1px]\"><\/div>\n            <div class=\"blue-column bg-[#EB0000] h-[300vh] flex-grow first:ml-0 ml-[-1px]\"><\/div>\n            <div class=\"blue-column bg-[#EB0000] h-[300vh] flex-grow first:ml-0 ml-[-1px]\"><\/div>\n            <div class=\"blue-column bg-[#EB0000] h-[300vh] flex-grow first:ml-0 ml-[-1px]\"><\/div>\n            <div class=\"blue-column bg-[#EB0000] h-[300vh] flex-grow first:ml-0 ml-[-1px]\"><\/div>\n            <div class=\"blue-column bg-[#EB0000] h-[300vh] flex-grow first:ml-0 ml-[-1px]\"><\/div>\n            <div class=\"blue-column bg-[#EB0000] h-[300vh] flex-grow first:ml-0 ml-[-1px]\"><\/div>\n            <div class=\"blue-column bg-[#EB0000] h-[300vh] flex-grow first:ml-0 ml-[-1px]\"><\/div>\n            <div class=\"blue-column bg-[#EB0000] h-[300vh] flex-grow first:ml-0 ml-[-1px]\"><\/div>\n            <div class=\"blue-column bg-[#EB0000] h-[300vh] flex-grow first:ml-0 ml-[-1px]\"><\/div>\n            <div class=\"blue-column bg-[#EB0000] h-[300vh] flex-grow first:ml-0 ml-[-1px]\"><\/div>\n            <div class=\"blue-column bg-[#EB0000] h-[300vh] flex-grow first:ml-0 ml-[-1px]\"><\/div>\n            <div class=\"blue-column bg-[#EB0000] h-[300vh] flex-grow first:ml-0 ml-[-1px]\"><\/div>\n            <div class=\"blue-column bg-[#EB0000] h-[300vh] flex-grow first:ml-0 ml-[-1px]\"><\/div>\n            <div class=\"blue-column bg-[#EB0000] h-[300vh] flex-grow first:ml-0 ml-[-1px]\"><\/div>\n            <div class=\"blue-column bg-[#EB0000] h-[300vh] flex-grow first:ml-0 ml-[-1px]\"><\/div>\n            <div class=\"blue-column bg-[#EB0000] h-[300vh] flex-grow first:ml-0 ml-[-1px]\"><\/div>\n            <div class=\"blue-column bg-[#EB0000] h-[300vh] flex-grow first:ml-0 ml-[-1px]\"><\/div>\n            <div class=\"blue-column bg-[#EB0000] h-[300vh] flex-grow first:ml-0 ml-[-1px]\"><\/div>\n      <\/div>\n\n  <div class=\" flex h-full items-center mx-auto lg:container 2xl:max-w-screen-2xl w-full lg-pro:w-[calc(100%-80px)]\">\n    <h1 class=\"z-10 px-5 sm:px-10 xl:px-0 py-10 lg-pro:bg-[unset] text-35 md:text-l lg:text-70 2xl:text-xl leading-[1.11] w-screen lg-pro:w-[unset] font-medium text-white\">Datenschutz Einstellungen<\/h1>\n  <\/div>\n<\/section>\n\n\n\n<section id=\"privacy-settings-block_58a5b3e1965c1a0251ec3f25678c4f9b\" class=\"privacy-settings\">\n  <div class=\"site-container flex flex-col container xl:max-w-[1080px] mx-auto py-16 md:py-[150px]\">\n\n\n    <div class=\"cookies pb-14\">\n      <h6 class=\"text-25 lg:text-35 mb-10\">Cookies<\/h6>\n      <div class=\"cookie-settings-container border-black border-solid border-[1px] max-w-[666px] p-7 pb-9\" >\n        <h6 class=\"text-18 mb-7 text-[#EB0000] font-bold lg:text-22\">Your preferences<\/h6>\n        <div class=\"cookies-enabled mb-8\">\n            <p class=\" mb-8 text-18 lg:text-22\" >You currently have cookies <strong>enabled<\/strong>.<\/p>\n            <a class=\"cookie-settings-toggle  bg-[#EB0000] text-white\" href=\"#\">Opt-out &#8211; remove all cookies<\/a>\n        <\/div>\n        <div class=\"cookies-disabled\">\n            <p class=\" mb-8 text-18 lg:text-22\">You currently have cookies <strong>disabled<\/strong>.<\/p>\n            <a class=\"cookie-settings-toggle bg-[#EB0000] text-white\" href=\"#\">Opt-in &#8211; add all cookies<\/a>\n        <\/div>\n      <\/div>\n    <\/div>\n\n    <div class=\"repeater\">\n              <div class=\"site-container flex flex-col container xl:max-w-[1080px] mx-auto pb-14\">\n          <h5 class=\"text-25 lg:text-35 leading-[1.1] mb-7\">R\u00fccknahme der Zustimmung<\/h5>\n                      <div class=\"wysywig md:text-22 leading-[1.27]\">\n              <p>Bei H&amp;T Battery Components nehmen wir die Sicherheit der pers\u00f6nlichen Daten und das Recht auf Anonymit\u00e4t ernst. Wenn Sie zuvor ein Formular auf der H&amp;T Battery Components Website ausgef\u00fcllt und uns die Erlaubnis erteilt haben, Sie zu kontaktieren, Sie Ihre Zustimmung aber nun widerrufen m\u00f6chten, dann geben Sie bitte unten Ihren Namen und Ihre E-Mail-Adresse an.<\/p>\n<p>Bitte stellen Sie sicher, dass Sie den exakten Namen und die exakte E-Mail-Adresse angeben, die Sie zuvor verwendet haben, um sicherzustellen, dass wir Sie korrekt l\u00f6schen k\u00f6nnen. Der Widerruf Ihrer Einwilligung wird innerhalb von 7 Werktagen umgesetzt. F\u00fcr weitere Informationen besuchen Sie bitte unsere <a href=\"https:\/\/ht-bc.com\/de\/privacy-policy\/\"><u>Datenschutzhinweise<\/u><\/a><u>.<\/u><\/p>\n            <\/div>\n                              <\/div>\n            <\/div>\n    <div class=\"form-container h-fit bg-[#EB0000] w-full !text-white px-8 py-14\">\n      <script type=\"text\/javascript\">\n\/* <![CDATA[ *\/\nvar gform;gform||(document.addEventListener(\"gform_main_scripts_loaded\",function(){gform.scriptsLoaded=!0}),document.addEventListener(\"gform\/theme\/scripts_loaded\",function(){gform.themeScriptsLoaded=!0}),window.addEventListener(\"DOMContentLoaded\",function(){gform.domLoaded=!0}),gform={domLoaded:!1,scriptsLoaded:!1,themeScriptsLoaded:!1,isFormEditor:()=>\"function\"==typeof InitializeEditor,callIfLoaded:function(o){return!(!gform.domLoaded||!gform.scriptsLoaded||!gform.themeScriptsLoaded&&!gform.isFormEditor()||(gform.isFormEditor()&&console.warn(\"The use of gform.initializeOnLoaded() is deprecated in the form editor context and will be removed in Gravity Forms 3.1.\"),o(),0))},initializeOnLoaded:function(o){gform.callIfLoaded(o)||(document.addEventListener(\"gform_main_scripts_loaded\",()=>{gform.scriptsLoaded=!0,gform.callIfLoaded(o)}),document.addEventListener(\"gform\/theme\/scripts_loaded\",()=>{gform.themeScriptsLoaded=!0,gform.callIfLoaded(o)}),window.addEventListener(\"DOMContentLoaded\",()=>{gform.domLoaded=!0,gform.callIfLoaded(o)}))},hooks:{action:{},filter:{}},addAction:function(o,r,e,t){gform.addHook(\"action\",o,r,e,t)},addFilter:function(o,r,e,t){gform.addHook(\"filter\",o,r,e,t)},doAction:function(o){gform.doHook(\"action\",o,arguments)},applyFilters:function(o){return gform.doHook(\"filter\",o,arguments)},removeAction:function(o,r){gform.removeHook(\"action\",o,r)},removeFilter:function(o,r,e){gform.removeHook(\"filter\",o,r,e)},addHook:function(o,r,e,t,n){null==gform.hooks[o][r]&&(gform.hooks[o][r]=[]);var d=gform.hooks[o][r];null==n&&(n=r+\"_\"+d.length),gform.hooks[o][r].push({tag:n,callable:e,priority:t=null==t?10:t})},doHook:function(r,o,e){var t;if(e=Array.prototype.slice.call(e,1),null!=gform.hooks[r][o]&&((o=gform.hooks[r][o]).sort(function(o,r){return o.priority-r.priority}),o.forEach(function(o){\"function\"!=typeof(t=o.callable)&&(t=window[t]),\"action\"==r?t.apply(null,e):e[0]=t.apply(null,e)})),\"filter\"==r)return e[0]},removeHook:function(o,r,t,n){var e;null!=gform.hooks[o][r]&&(e=(e=gform.hooks[o][r]).filter(function(o,r,e){return!!(null!=n&&n!=o.tag||null!=t&&t!=o.priority)}),gform.hooks[o][r]=e)}});\n\/* ]]> *\/\n<\/script>\n\n                <div class='gf_browser_gecko gform_wrapper gravity-theme gform-theme--no-framework' data-form-theme='gravity-theme' data-form-index='0' id='gform_wrapper_2' ><div id='gf_2' class='gform_anchor' tabindex='-1'><\/div><form method='post' enctype='multipart\/form-data' target='gform_ajax_frame_2' id='gform_2'  action='\/de\/wp-json\/wp\/v2\/pages\/5139#gf_2' data-formid='2' novalidate>\n                        <div class='gform-body gform_body'><div id='gform_fields_2' class='gform_fields top_label form_sublabel_below description_below validation_below'><div id=\"field_2_1\" class=\"gfield gfield--type-text gfield--width-half field_sublabel_below gfield--no-description field_description_below field_validation_below gfield_visibility_visible\"  ><label class='gfield_label gform-field-label' for='input_2_1'>Beispiel Name<\/label><div class='ginput_container ginput_container_text'><input name='input_1' id='input_2_1' type='text' value='' class='large'    placeholder='Beispiel Name'  aria-invalid=\"false\"   \/><\/div><\/div><div id=\"field_2_2\" class=\"gfield gfield--type-text gfield--width-half field_sublabel_below gfield--no-description field_description_below field_validation_below gfield_visibility_visible\"  ><label class='gfield_label gform-field-label' for='input_2_2'>Email<\/label><div class='ginput_container ginput_container_text'><input name='input_2' id='input_2_2' type='text' value='' class='large'    placeholder='E-Mail Adresse '  aria-invalid=\"false\"   \/><\/div><\/div><\/div><\/div>\n        <div class='gform-footer gform_footer top_label'> <input type='submit' id='gform_submit_button_2' class='gform_button button' onclick='gform.submission.handleButtonClick(this);' data-submission-type='submit' value='Einreichenn'  \/> <input type='hidden' name='gform_ajax' value='form_id=2&amp;title=&amp;description=&amp;tabindex=0&amp;theme=gravity-theme&amp;styles=[]&amp;hash=c85b342275ccd19569fce5b9ffebde83' \/>\n            <input type='hidden' class='gform_hidden' name='gform_submission_method' data-js='gform_submission_method_2' value='iframe' \/>\n            <input type='hidden' class='gform_hidden' name='gform_theme' data-js='gform_theme_2' id='gform_theme_2' value='gravity-theme' \/>\n            <input type='hidden' class='gform_hidden' name='gform_style_settings' data-js='gform_style_settings_2' id='gform_style_settings_2' value='[]' \/>\n            <input type='hidden' class='gform_hidden' name='is_submit_2' value='1' \/>\n            <input type='hidden' class='gform_hidden' name='gform_submit' value='2' \/>\n            \n            <input type='hidden' class='gform_hidden' name='gform_currency' data-currency='USD' value='1aydURJgeylCMGyMxyt1BFq\/9ORgeiuVaz3zJSWLZHlP27xFJgNYuzZNcPBcu5mf7Vym3gkzXhtAtHTjuoJdM3dwaG5TuojmzbbKGhxj8N8OxM4=' \/>\n            <input type='hidden' class='gform_hidden' name='gform_unique_id' value='' \/>\n            <input type='hidden' class='gform_hidden' name='state_2' value='WyJbXSIsIjNjYjlhY2U2Y2Y2Njg5YmZmMTA2NDk3ZGFkMWFhZWFhIl0=' \/>\n            <input type='hidden' autocomplete='off' class='gform_hidden' name='gform_target_page_number_2' id='gform_target_page_number_2' value='0' \/>\n            <input type='hidden' autocomplete='off' class='gform_hidden' name='gform_source_page_number_2' id='gform_source_page_number_2' value='1' \/>\n            <input type='hidden' name='gform_field_values' value='' \/>\n            \n        <\/div>\n                        <p style=\"display: none !important;\" class=\"akismet-fields-container\" data-prefix=\"ak_\"><label>&#916;<textarea name=\"ak_hp_textarea\" cols=\"45\" rows=\"8\" maxlength=\"100\"><\/textarea><\/label><input type=\"hidden\" id=\"ak_js_1\" name=\"ak_js\" value=\"69\"\/><script>document.getElementById( \"ak_js_1\" ).setAttribute( \"value\", ( new Date() ).getTime() );<\/script><\/p><\/form>\n                        <\/div>\n\t\t                <iframe style='display:none;width:0px;height:0px;' src='about:blank' name='gform_ajax_frame_2' id='gform_ajax_frame_2' title='Dieser iframe enth\u00e4lt die erforderliche Logik um Gravity Forms Formulare mit AJAX zu handhaben.'><\/iframe>\n\t\t                <script type=\"text\/javascript\">\n\/* <![CDATA[ *\/\n gform.initializeOnLoaded( function() {gformInitSpinner( 2, 'https:\/\/ht-bc.com\/wp-content\/plugins\/gravityforms\/images\/spinner.svg', true );jQuery('#gform_ajax_frame_2').on('load',function(){var contents = jQuery(this).contents().find('*').html();var is_postback = contents.indexOf('GF_AJAX_POSTBACK') >= 0;if(!is_postback){return;}var form_content = jQuery(this).contents().find('#gform_wrapper_2');var is_confirmation = jQuery(this).contents().find('#gform_confirmation_wrapper_2').length > 0;var is_redirect = contents.indexOf('gformRedirect(){') >= 0;var is_form = form_content.length > 0 && ! is_redirect && ! is_confirmation;var mt = parseInt(jQuery('html').css('margin-top'), 10) + parseInt(jQuery('body').css('margin-top'), 10) + 100;if(is_form){jQuery('#gform_wrapper_2').html(form_content.html());if(form_content.hasClass('gform_validation_error')){jQuery('#gform_wrapper_2').addClass('gform_validation_error');} else {jQuery('#gform_wrapper_2').removeClass('gform_validation_error');}setTimeout( function() { \/* delay the scroll by 50 milliseconds to fix a bug in chrome *\/ jQuery(document).scrollTop(jQuery('#gform_wrapper_2').offset().top - mt); }, 50 );if(window['gformInitDatepicker']) {gformInitDatepicker();}if(window['gformInitPriceFields']) {gformInitPriceFields();}var current_page = jQuery('#gform_source_page_number_2').val();gformInitSpinner( 2, 'https:\/\/ht-bc.com\/wp-content\/plugins\/gravityforms\/images\/spinner.svg', true );jQuery(document).trigger('gform_page_loaded', [2, current_page]);window['gf_submitting_2'] = false;}else if(!is_redirect){var confirmation_content = jQuery(this).contents().find('.GF_AJAX_POSTBACK').html();if(!confirmation_content){confirmation_content = contents;}jQuery('#gform_wrapper_2').replaceWith(confirmation_content);jQuery(document).scrollTop(jQuery('#gf_2').offset().top - mt);jQuery(document).trigger('gform_confirmation_loaded', [2]);window['gf_submitting_2'] = false;wp.a11y.speak(jQuery('#gform_confirmation_message_2').text());}else{jQuery('#gform_2').append(contents);if(window['gformRedirect']) {gformRedirect();}}jQuery(document).trigger(\"gform_pre_post_render\", [{ formId: \"2\", currentPage: \"current_page\", abort: function() { this.preventDefault(); } }]);        if (event && event.defaultPrevented) {                return;        }        const gformWrapperDiv = document.getElementById( \"gform_wrapper_2\" );        if ( gformWrapperDiv ) {            const visibilitySpan = document.createElement( \"span\" );            visibilitySpan.id = \"gform_visibility_test_2\";            gformWrapperDiv.insertAdjacentElement( \"afterend\", visibilitySpan );        }        const visibilityTestDiv = document.getElementById( \"gform_visibility_test_2\" );        let postRenderFired = false;        function triggerPostRender() {            if ( postRenderFired ) {                return;            }            postRenderFired = true;            gform.core.triggerPostRenderEvents( 2, current_page );            if ( visibilityTestDiv ) {                visibilityTestDiv.parentNode.removeChild( visibilityTestDiv );            }        }        function debounce( func, wait, immediate ) {            var timeout;            return function() {                var context = this, args = arguments;                var later = function() {                    timeout = null;                    if ( !immediate ) func.apply( context, args );                };                var callNow = immediate && !timeout;                clearTimeout( timeout );                timeout = setTimeout( later, wait );                if ( callNow ) func.apply( context, args );            };        }        const debouncedTriggerPostRender = debounce( function() {            triggerPostRender();        }, 200 );        if ( visibilityTestDiv && visibilityTestDiv.offsetParent === null ) {            const observer = new MutationObserver( ( mutations ) => {                mutations.forEach( ( mutation ) => {                    if ( mutation.type === 'attributes' && visibilityTestDiv.offsetParent !== null ) {                        debouncedTriggerPostRender();                        observer.disconnect();                    }                });            });            observer.observe( document.body, {                attributes: true,                childList: false,                subtree: true,                attributeFilter: [ 'style', 'class' ],            });        } else {            triggerPostRender();        }    } );} ); \n\/* ]]> *\/\n<\/script>\n    <\/div>\n  <\/div>\n<\/section>\n\n\n\n<section id=\"contact-cta-block_52f6154bfaadfdb69f92791d93277639\" class=\"contact-cta py-36 md:py-0 md:h-[829px]\" style=\"background-color: #3c3c3c\">\n  <div class=\"site-container text-center flex flex-col items-center justify-center text-white  mx-auto h-full\">\n    <h1 class=\"font-medium leading-[1.1] text-l lg:text-70 xl:text-xl mb-10\" data-aos=\"fade-up\">Lassen Sie uns zusammenarbeiten<\/h1>\n    <div class=\"text\" data-aos=\"fade-up\" data-aos-delay=\"300\"><p class=\"p1\">Gerne erfahren wir mehr \u00fcber Ihr Projekt<\/p>\n<\/div>\n    <a href=\"\/de\/contact\/\" target=\"\" class=\"btn-white-bg  min-w  hover:after:bg-white after:bg-  leading-none text-25 hover:!text-white lg:text-30 text-center\" >Kontaktieren Sie uns<\/a>\n  <\/div>\n<\/section>\n","protected":false},"excerpt":{"rendered":"","protected":false},"author":1,"featured_media":0,"parent":0,"menu_order":0,"comment_status":"closed","ping_status":"closed","template":"","meta":{"_acf_changed":false,"footnotes":""},"class_list":["post-5139","page","type-page","status-publish","hentry"],"acf":[],"yoast_head":"<!-- This site is optimized with the Yoast SEO plugin v27.0 - https:\/\/yoast.com\/product\/yoast-seo-wordpress\/ -->\n<title>Privacy Settings - H&amp;T Battery Components<\/title>\n<meta name=\"description\" content=\"Please view our H&amp;T Recharge privacy policy\" \/>\n<meta name=\"robots\" content=\"index, follow, max-snippet:-1, max-image-preview:large, max-video-preview:-1\" \/>\n<link rel=\"canonical\" href=\"https:\/\/ht-bc.com\/de\/privacy-settings\/\" \/>\n<meta property=\"og:locale\" content=\"de_DE\" \/>\n<meta property=\"og:type\" content=\"article\" \/>\n<meta property=\"og:title\" content=\"Privacy Settings - H&amp;T Battery Components\" \/>\n<meta property=\"og:description\" content=\"Please view our H&amp;T Recharge privacy policy\" \/>\n<meta property=\"og:url\" content=\"https:\/\/ht-bc.com\/de\/privacy-settings\/\" \/>\n<meta property=\"og:site_name\" content=\"H&amp;T Battery Components\" \/>\n<meta property=\"article:modified_time\" content=\"2025-01-08T16:56:43+00:00\" \/>\n<meta name=\"twitter:card\" content=\"summary_large_image\" \/>\n<script type=\"application\/ld+json\" class=\"yoast-schema-graph\">{\"@context\":\"https:\/\/schema.org\",\"@graph\":[{\"@type\":\"WebPage\",\"@id\":\"https:\/\/ht-bc.com\/de\/privacy-settings\/\",\"url\":\"https:\/\/ht-bc.com\/de\/privacy-settings\/\",\"name\":\"Privacy Settings - H&amp;T Battery Components\",\"isPartOf\":{\"@id\":\"https:\/\/ht-bc.com\/#website\"},\"datePublished\":\"2023-02-03T16:41:11+00:00\",\"dateModified\":\"2025-01-08T16:56:43+00:00\",\"description\":\"Please view our H&T Recharge privacy policy\",\"breadcrumb\":{\"@id\":\"https:\/\/ht-bc.com\/de\/privacy-settings\/#breadcrumb\"},\"inLanguage\":\"de\",\"potentialAction\":[{\"@type\":\"ReadAction\",\"target\":[\"https:\/\/ht-bc.com\/de\/privacy-settings\/\"]}]},{\"@type\":\"BreadcrumbList\",\"@id\":\"https:\/\/ht-bc.com\/de\/privacy-settings\/#breadcrumb\",\"itemListElement\":[{\"@type\":\"ListItem\",\"position\":1,\"name\":\"Home\",\"item\":\"https:\/\/ht-bc.com\/de\/\"},{\"@type\":\"ListItem\",\"position\":2,\"name\":\"Privacy Settings\"}]},{\"@type\":\"WebSite\",\"@id\":\"https:\/\/ht-bc.com\/#website\",\"url\":\"https:\/\/ht-bc.com\/\",\"name\":\"H&amp;T Battery Components\",\"description\":\"\",\"potentialAction\":[{\"@type\":\"SearchAction\",\"target\":{\"@type\":\"EntryPoint\",\"urlTemplate\":\"https:\/\/ht-bc.com\/?s={search_term_string}\"},\"query-input\":{\"@type\":\"PropertyValueSpecification\",\"valueRequired\":true,\"valueName\":\"search_term_string\"}}],\"inLanguage\":\"de\"}]}<\/script>\n<!-- \/ Yoast SEO plugin. -->","yoast_head_json":{"title":"Privacy Settings - H&amp;T Battery Components","description":"Please view our H&T Recharge privacy policy","robots":{"index":"index","follow":"follow","max-snippet":"max-snippet:-1","max-image-preview":"max-image-preview:large","max-video-preview":"max-video-preview:-1"},"canonical":"https:\/\/ht-bc.com\/de\/privacy-settings\/","og_locale":"de_DE","og_type":"article","og_title":"Privacy Settings - H&amp;T Battery Components","og_description":"Please view our H&T Recharge privacy policy","og_url":"https:\/\/ht-bc.com\/de\/privacy-settings\/","og_site_name":"H&amp;T Battery Components","article_modified_time":"2025-01-08T16:56:43+00:00","twitter_card":"summary_large_image","schema":{"@context":"https:\/\/schema.org","@graph":[{"@type":"WebPage","@id":"https:\/\/ht-bc.com\/de\/privacy-settings\/","url":"https:\/\/ht-bc.com\/de\/privacy-settings\/","name":"Privacy Settings - H&amp;T Battery Components","isPartOf":{"@id":"https:\/\/ht-bc.com\/#website"},"datePublished":"2023-02-03T16:41:11+00:00","dateModified":"2025-01-08T16:56:43+00:00","description":"Please view our H&T Recharge privacy policy","breadcrumb":{"@id":"https:\/\/ht-bc.com\/de\/privacy-settings\/#breadcrumb"},"inLanguage":"de","potentialAction":[{"@type":"ReadAction","target":["https:\/\/ht-bc.com\/de\/privacy-settings\/"]}]},{"@type":"BreadcrumbList","@id":"https:\/\/ht-bc.com\/de\/privacy-settings\/#breadcrumb","itemListElement":[{"@type":"ListItem","position":1,"name":"Home","item":"https:\/\/ht-bc.com\/de\/"},{"@type":"ListItem","position":2,"name":"Privacy Settings"}]},{"@type":"WebSite","@id":"https:\/\/ht-bc.com\/#website","url":"https:\/\/ht-bc.com\/","name":"H&amp;T Battery Components","description":"","potentialAction":[{"@type":"SearchAction","target":{"@type":"EntryPoint","urlTemplate":"https:\/\/ht-bc.com\/?s={search_term_string}"},"query-input":{"@type":"PropertyValueSpecification","valueRequired":true,"valueName":"search_term_string"}}],"inLanguage":"de"}]}},"_links":{"self":[{"href":"https:\/\/ht-bc.com\/de\/wp-json\/wp\/v2\/pages\/5139","targetHints":{"allow":["GET"]}}],"collection":[{"href":"https:\/\/ht-bc.com\/de\/wp-json\/wp\/v2\/pages"}],"about":[{"href":"https:\/\/ht-bc.com\/de\/wp-json\/wp\/v2\/types\/page"}],"author":[{"embeddable":true,"href":"https:\/\/ht-bc.com\/de\/wp-json\/wp\/v2\/users\/1"}],"replies":[{"embeddable":true,"href":"https:\/\/ht-bc.com\/de\/wp-json\/wp\/v2\/comments?post=5139"}],"version-history":[{"count":18,"href":"https:\/\/ht-bc.com\/de\/wp-json\/wp\/v2\/pages\/5139\/revisions"}],"predecessor-version":[{"id":5677,"href":"https:\/\/ht-bc.com\/de\/wp-json\/wp\/v2\/pages\/5139\/revisions\/5677"}],"wp:attachment":[{"href":"https:\/\/ht-bc.com\/de\/wp-json\/wp\/v2\/media?parent=5139"}],"curies":[{"name":"wp","href":"https:\/\/api.w.org\/{rel}","templated":true}]}}