{"id":5137,"date":"2023-02-03T16:41:19","date_gmt":"2023-02-03T16:41:19","guid":{"rendered":"https:\/\/ht-bc.com\/imprint\/"},"modified":"2024-12-13T14:39:02","modified_gmt":"2024-12-13T14:39:02","slug":"imprint","status":"publish","type":"page","link":"https:\/\/ht-bc.com\/de\/imprint\/","title":{"rendered":"Imprint"},"content":{"rendered":"\n<style>\n  #inner-page-hero-block_3b3ac9725920ae5da63ee95ca5ca44fb{\n    background-image: url('https:\/\/ht-bc.com\/wp-content\/uploads\/2024\/07\/RED-Header.png'); background-position: center;\n  }\n  \n  <\/style>\n\n<section id=\"inner-page-hero-block_3b3ac9725920ae5da63ee95ca5ca44fb\" class=\"inner-page-hero  h-[100vh] sm:h-[80vh] xl:h-screen md:max-h-[640px] smaller  bg-no-repeat bg-right\">\n  \n  <div class=\"shape-overlay flex absolute items-center left-[-40vw] lg-pro:-left-[30vw] top-[-95vh] lg-pro:top-[-31vh] 2xl:top-[-95vh] z-[20] w-[300vw] sm:w-[250vw] lg:w-[200vw] 2xl:w-[140vw] h-[220vh] 2xl:h-[300vh] pointer-events-none\">\n            <div class=\"blue-column bg-[#EB0000] h-[300vh] flex-grow first:ml-0 ml-[-1px]\"><\/div>\n            <div class=\"blue-column bg-[#EB0000] h-[300vh] flex-grow first:ml-0 ml-[-1px]\"><\/div>\n            <div class=\"blue-column bg-[#EB0000] h-[300vh] flex-grow first:ml-0 ml-[-1px]\"><\/div>\n            <div class=\"blue-column bg-[#EB0000] h-[300vh] flex-grow first:ml-0 ml-[-1px]\"><\/div>\n            <div class=\"blue-column bg-[#EB0000] h-[300vh] flex-grow first:ml-0 ml-[-1px]\"><\/div>\n            <div class=\"blue-column bg-[#EB0000] h-[300vh] flex-grow first:ml-0 ml-[-1px]\"><\/div>\n            <div class=\"blue-column bg-[#EB0000] h-[300vh] flex-grow first:ml-0 ml-[-1px]\"><\/div>\n            <div class=\"blue-column bg-[#EB0000] h-[300vh] flex-grow first:ml-0 ml-[-1px]\"><\/div>\n            <div class=\"blue-column bg-[#EB0000] h-[300vh] flex-grow first:ml-0 ml-[-1px]\"><\/div>\n            <div class=\"blue-column bg-[#EB0000] h-[300vh] flex-grow first:ml-0 ml-[-1px]\"><\/div>\n            <div class=\"blue-column bg-[#EB0000] h-[300vh] flex-grow first:ml-0 ml-[-1px]\"><\/div>\n            <div class=\"blue-column bg-[#EB0000] h-[300vh] flex-grow first:ml-0 ml-[-1px]\"><\/div>\n            <div class=\"blue-column bg-[#EB0000] h-[300vh] flex-grow first:ml-0 ml-[-1px]\"><\/div>\n            <div class=\"blue-column bg-[#EB0000] h-[300vh] flex-grow first:ml-0 ml-[-1px]\"><\/div>\n            <div class=\"blue-column bg-[#EB0000] h-[300vh] flex-grow first:ml-0 ml-[-1px]\"><\/div>\n            <div class=\"blue-column bg-[#EB0000] h-[300vh] flex-grow first:ml-0 ml-[-1px]\"><\/div>\n            <div class=\"blue-column bg-[#EB0000] h-[300vh] flex-grow first:ml-0 ml-[-1px]\"><\/div>\n            <div class=\"blue-column bg-[#EB0000] h-[300vh] flex-grow first:ml-0 ml-[-1px]\"><\/div>\n            <div class=\"blue-column bg-[#EB0000] h-[300vh] flex-grow first:ml-0 ml-[-1px]\"><\/div>\n            <div class=\"blue-column bg-[#EB0000] h-[300vh] flex-grow first:ml-0 ml-[-1px]\"><\/div>\n      <\/div>\n\n  <div class=\" flex h-full items-center mx-auto lg:container 2xl:max-w-screen-2xl w-full lg-pro:w-[calc(100%-80px)]\">\n    <h1 class=\"z-10 px-5 sm:px-10 xl:px-0 py-10 lg-pro:bg-[unset] text-35 md:text-l lg:text-70 2xl:text-xl leading-[1.11] w-screen lg-pro:w-[unset] font-medium text-white\">Impressum<\/h1>\n  <\/div>\n<\/section>\n\n\n\n<section id=\"legal-template-block_cdea7ad435dd03fa9356080b2c1c1237\" class=\"legal-template\">\n  <div class=\"repeater py-16 md:py-36 md:pb-24\">\n          <div class=\"site-container flex flex-col container xl:max-w-[1080px] mx-auto  pb-14\">\n        \n                  <div class=\"wysywig md:text-22 leading-[1.27]\">\n            <p class=\"p2\"><b>H&amp;T Marsberg GmbH &amp; Co. KG <\/b><\/p>\n<p class=\"p2\">Am Meilenstein 8 &#8211; 19<\/p>\n<p class=\"p2\">34431 Marsberg<\/p>\n<p class=\"p2\">Germany<\/p>\n<p class=\"p2\"><b>Phone: <\/b>+49 2991 980-0<\/p>\n<p class=\"p3\"><span class=\"s2\"><b>Mail: <\/b><\/span>info@htm.ht-group.com<\/p>\n<p class=\"p2\"><b>Managing Directors: <\/b>Dietmar Schmitz, Christian Walters, Martin Zeiff-Jensen<\/p>\n<p class=\"p2\"><b>Registry court: <\/b>AG Arnsberg<\/p>\n<p class=\"p2\"><b>Register number: <\/b>HRA 2977<\/p>\n<p class=\"p2\"><b>Registered office of the company: <\/b>Marsberg<\/p>\n<p class=\"p2\"><b>Tax Office: <\/b>Brilon<\/p>\n<p class=\"p2\"><b>VAT Number: <\/b>DE811978719<\/p>\n<p class=\"p2\"><b>Author und Responsible in the sense of \u00a7 55 Abs. 2 RStV: <\/b><\/p>\n<p class=\"p2\">H&amp;T Marsberg GmbH &amp; Co. KG, Am Meilenstein 8-19, D-34431 Marsberg<\/p>\n<p>&nbsp;<\/p>\n<p class=\"p2\"><strong>Haftungshinweis<\/strong><\/p>\n<p>Trotz sorgf\u00e4ltiger inhaltlicher Kontrolle \u00fcbernehmen wir keine Haftung f\u00fcr die Inhalte externer Links. F\u00fcr den Inhalt dieser Seiten sind ausschlie\u00dflich deren Inhaber verantwortlich.<\/p>\n          <\/div>\n                <div class=\"table border-black border-solid\">\n                  <\/div>\n      <\/div>\n        <\/div>\n<\/section>\n\n\n\n<section id=\"contact-cta-block_fd163e7e48917b6316af6c2ce49f4ea5\" class=\"contact-cta py-36 md:py-0 md:h-[829px]\" style=\"background-color: #3c3c3c\">\n  <div class=\"site-container text-center flex flex-col items-center justify-center text-white  mx-auto h-full\">\n    <h1 class=\"font-medium leading-[1.1] text-l lg:text-70 xl:text-xl mb-10\" data-aos=\"fade-up\">Lassen Sie uns zusammenarbeiten<\/h1>\n    <div class=\"text\" data-aos=\"fade-up\" data-aos-delay=\"300\"><p class=\"p1\">Gerne erfahren wir mehr \u00fcber Ihr Projekt<\/p>\n<\/div>\n    <a href=\"\/de\/contact\" target=\"\" class=\"btn-white-bg  min-w  hover:after:bg-white after:bg-  leading-none text-25 hover:!text-white lg:text-30 text-center\" >Kontaktieren Sie uns<\/a>\n  <\/div>\n<\/section>\n","protected":false},"excerpt":{"rendered":"","protected":false},"author":1,"featured_media":0,"parent":0,"menu_order":0,"comment_status":"closed","ping_status":"closed","template":"","meta":{"_acf_changed":false,"footnotes":""},"class_list":["post-5137","page","type-page","status-publish","hentry"],"acf":[],"yoast_head":"<!-- This site is optimized with the Yoast SEO plugin v27.0 - https:\/\/yoast.com\/product\/yoast-seo-wordpress\/ -->\n<title>Imprint - H&amp;T Battery Components<\/title>\n<meta name=\"description\" content=\"H&amp;T Rechargeable Solutions GmbH Am Meilenstein 8-19 34431 Marsberg Germany. Managing Directors: Tobias Ott, Jan Schulze, Martin Zeiff-Jensen\" \/>\n<meta name=\"robots\" content=\"index, follow, max-snippet:-1, max-image-preview:large, max-video-preview:-1\" \/>\n<link rel=\"canonical\" href=\"https:\/\/ht-bc.com\/de\/imprint\/\" \/>\n<meta property=\"og:locale\" content=\"de_DE\" \/>\n<meta property=\"og:type\" content=\"article\" \/>\n<meta property=\"og:title\" content=\"Imprint - H&amp;T Battery Components\" \/>\n<meta property=\"og:description\" content=\"H&amp;T Rechargeable Solutions GmbH Am Meilenstein 8-19 34431 Marsberg Germany. Managing Directors: Tobias Ott, Jan Schulze, Martin Zeiff-Jensen\" \/>\n<meta property=\"og:url\" content=\"https:\/\/ht-bc.com\/de\/imprint\/\" \/>\n<meta property=\"og:site_name\" content=\"H&amp;T Battery Components\" \/>\n<meta property=\"article:modified_time\" content=\"2024-12-13T14:39:02+00:00\" \/>\n<meta name=\"twitter:card\" content=\"summary_large_image\" \/>\n<script type=\"application\/ld+json\" class=\"yoast-schema-graph\">{\"@context\":\"https:\/\/schema.org\",\"@graph\":[{\"@type\":\"WebPage\",\"@id\":\"https:\/\/ht-bc.com\/de\/imprint\/\",\"url\":\"https:\/\/ht-bc.com\/de\/imprint\/\",\"name\":\"Imprint - H&amp;T Battery Components\",\"isPartOf\":{\"@id\":\"https:\/\/ht-bc.com\/#website\"},\"datePublished\":\"2023-02-03T16:41:19+00:00\",\"dateModified\":\"2024-12-13T14:39:02+00:00\",\"description\":\"H&T Rechargeable Solutions GmbH Am Meilenstein 8-19 34431 Marsberg Germany. Managing Directors: Tobias Ott, Jan Schulze, Martin Zeiff-Jensen\",\"breadcrumb\":{\"@id\":\"https:\/\/ht-bc.com\/de\/imprint\/#breadcrumb\"},\"inLanguage\":\"de\",\"potentialAction\":[{\"@type\":\"ReadAction\",\"target\":[\"https:\/\/ht-bc.com\/de\/imprint\/\"]}]},{\"@type\":\"BreadcrumbList\",\"@id\":\"https:\/\/ht-bc.com\/de\/imprint\/#breadcrumb\",\"itemListElement\":[{\"@type\":\"ListItem\",\"position\":1,\"name\":\"Home\",\"item\":\"https:\/\/ht-bc.com\/de\/\"},{\"@type\":\"ListItem\",\"position\":2,\"name\":\"Imprint\"}]},{\"@type\":\"WebSite\",\"@id\":\"https:\/\/ht-bc.com\/#website\",\"url\":\"https:\/\/ht-bc.com\/\",\"name\":\"H&amp;T Battery Components\",\"description\":\"\",\"potentialAction\":[{\"@type\":\"SearchAction\",\"target\":{\"@type\":\"EntryPoint\",\"urlTemplate\":\"https:\/\/ht-bc.com\/?s={search_term_string}\"},\"query-input\":{\"@type\":\"PropertyValueSpecification\",\"valueRequired\":true,\"valueName\":\"search_term_string\"}}],\"inLanguage\":\"de\"}]}<\/script>\n<!-- \/ Yoast SEO plugin. -->","yoast_head_json":{"title":"Imprint - H&amp;T Battery Components","description":"H&T Rechargeable Solutions GmbH Am Meilenstein 8-19 34431 Marsberg Germany. Managing Directors: Tobias Ott, Jan Schulze, Martin Zeiff-Jensen","robots":{"index":"index","follow":"follow","max-snippet":"max-snippet:-1","max-image-preview":"max-image-preview:large","max-video-preview":"max-video-preview:-1"},"canonical":"https:\/\/ht-bc.com\/de\/imprint\/","og_locale":"de_DE","og_type":"article","og_title":"Imprint - H&amp;T Battery Components","og_description":"H&T Rechargeable Solutions GmbH Am Meilenstein 8-19 34431 Marsberg Germany. Managing Directors: Tobias Ott, Jan Schulze, Martin Zeiff-Jensen","og_url":"https:\/\/ht-bc.com\/de\/imprint\/","og_site_name":"H&amp;T Battery Components","article_modified_time":"2024-12-13T14:39:02+00:00","twitter_card":"summary_large_image","schema":{"@context":"https:\/\/schema.org","@graph":[{"@type":"WebPage","@id":"https:\/\/ht-bc.com\/de\/imprint\/","url":"https:\/\/ht-bc.com\/de\/imprint\/","name":"Imprint - H&amp;T Battery Components","isPartOf":{"@id":"https:\/\/ht-bc.com\/#website"},"datePublished":"2023-02-03T16:41:19+00:00","dateModified":"2024-12-13T14:39:02+00:00","description":"H&T Rechargeable Solutions GmbH Am Meilenstein 8-19 34431 Marsberg Germany. Managing Directors: Tobias Ott, Jan Schulze, Martin Zeiff-Jensen","breadcrumb":{"@id":"https:\/\/ht-bc.com\/de\/imprint\/#breadcrumb"},"inLanguage":"de","potentialAction":[{"@type":"ReadAction","target":["https:\/\/ht-bc.com\/de\/imprint\/"]}]},{"@type":"BreadcrumbList","@id":"https:\/\/ht-bc.com\/de\/imprint\/#breadcrumb","itemListElement":[{"@type":"ListItem","position":1,"name":"Home","item":"https:\/\/ht-bc.com\/de\/"},{"@type":"ListItem","position":2,"name":"Imprint"}]},{"@type":"WebSite","@id":"https:\/\/ht-bc.com\/#website","url":"https:\/\/ht-bc.com\/","name":"H&amp;T Battery Components","description":"","potentialAction":[{"@type":"SearchAction","target":{"@type":"EntryPoint","urlTemplate":"https:\/\/ht-bc.com\/?s={search_term_string}"},"query-input":{"@type":"PropertyValueSpecification","valueRequired":true,"valueName":"search_term_string"}}],"inLanguage":"de"}]}},"_links":{"self":[{"href":"https:\/\/ht-bc.com\/de\/wp-json\/wp\/v2\/pages\/5137","targetHints":{"allow":["GET"]}}],"collection":[{"href":"https:\/\/ht-bc.com\/de\/wp-json\/wp\/v2\/pages"}],"about":[{"href":"https:\/\/ht-bc.com\/de\/wp-json\/wp\/v2\/types\/page"}],"author":[{"embeddable":true,"href":"https:\/\/ht-bc.com\/de\/wp-json\/wp\/v2\/users\/1"}],"replies":[{"embeddable":true,"href":"https:\/\/ht-bc.com\/de\/wp-json\/wp\/v2\/comments?post=5137"}],"version-history":[{"count":6,"href":"https:\/\/ht-bc.com\/de\/wp-json\/wp\/v2\/pages\/5137\/revisions"}],"predecessor-version":[{"id":5616,"href":"https:\/\/ht-bc.com\/de\/wp-json\/wp\/v2\/pages\/5137\/revisions\/5616"}],"wp:attachment":[{"href":"https:\/\/ht-bc.com\/de\/wp-json\/wp\/v2\/media?parent=5137"}],"curies":[{"name":"wp","href":"https:\/\/api.w.org\/{rel}","templated":true}]}}