{"id":5125,"date":"2024-06-20T14:51:34","date_gmt":"2024-06-20T14:51:34","guid":{"rendered":"https:\/\/ht-bc.com\/sustainability-2\/"},"modified":"2024-11-26T10:04:07","modified_gmt":"2024-11-26T10:04:07","slug":"sustainability-2","status":"publish","type":"page","link":"https:\/\/ht-bc.com\/de\/sustainability-2\/","title":{"rendered":"Sustainability"},"content":{"rendered":"\n<style>\n  #inner-page-hero-block_cbe210ec24f395c39531459ebcb915dd{\n    background-image: url('https:\/\/ht-bc.com\/wp-content\/uploads\/2024\/07\/RED-Header.png'); background-position: center;\n  }\n  \n      @media only screen and (max-width: 768px){\n      #inner-page-hero-block_cbe210ec24f395c39531459ebcb915dd{\n        background-image: url('https:\/\/ht-bc.com\/wp-content\/uploads\/2024\/07\/HTBC_Website_Header_Image_Mobile.jpg');\n      }\n    }\n  <\/style>\n\n<section id=\"inner-page-hero-block_cbe210ec24f395c39531459ebcb915dd\" class=\"inner-page-hero  h-[100vh] sm:h-[80vh] xl:h-screen md:max-h-[640px] smaller  bg-no-repeat bg-right\">\n  \n  <div class=\"shape-overlay flex absolute items-center left-[-40vw] lg-pro:-left-[30vw] top-[-95vh] lg-pro:top-[-31vh] 2xl:top-[-95vh] z-[20] w-[300vw] sm:w-[250vw] lg:w-[200vw] 2xl:w-[140vw] h-[220vh] 2xl:h-[300vh] pointer-events-none\">\n            <div class=\"blue-column bg-[#EB0000] h-[300vh] flex-grow first:ml-0 ml-[-1px]\"><\/div>\n            <div class=\"blue-column bg-[#EB0000] h-[300vh] flex-grow first:ml-0 ml-[-1px]\"><\/div>\n            <div class=\"blue-column bg-[#EB0000] h-[300vh] flex-grow first:ml-0 ml-[-1px]\"><\/div>\n            <div class=\"blue-column bg-[#EB0000] h-[300vh] flex-grow first:ml-0 ml-[-1px]\"><\/div>\n            <div class=\"blue-column bg-[#EB0000] h-[300vh] flex-grow first:ml-0 ml-[-1px]\"><\/div>\n            <div class=\"blue-column bg-[#EB0000] h-[300vh] flex-grow first:ml-0 ml-[-1px]\"><\/div>\n            <div class=\"blue-column bg-[#EB0000] h-[300vh] flex-grow first:ml-0 ml-[-1px]\"><\/div>\n            <div class=\"blue-column bg-[#EB0000] h-[300vh] flex-grow first:ml-0 ml-[-1px]\"><\/div>\n            <div class=\"blue-column bg-[#EB0000] h-[300vh] flex-grow first:ml-0 ml-[-1px]\"><\/div>\n            <div class=\"blue-column bg-[#EB0000] h-[300vh] flex-grow first:ml-0 ml-[-1px]\"><\/div>\n            <div class=\"blue-column bg-[#EB0000] h-[300vh] flex-grow first:ml-0 ml-[-1px]\"><\/div>\n            <div class=\"blue-column bg-[#EB0000] h-[300vh] flex-grow first:ml-0 ml-[-1px]\"><\/div>\n            <div class=\"blue-column bg-[#EB0000] h-[300vh] flex-grow first:ml-0 ml-[-1px]\"><\/div>\n            <div class=\"blue-column bg-[#EB0000] h-[300vh] flex-grow first:ml-0 ml-[-1px]\"><\/div>\n            <div class=\"blue-column bg-[#EB0000] h-[300vh] flex-grow first:ml-0 ml-[-1px]\"><\/div>\n            <div class=\"blue-column bg-[#EB0000] h-[300vh] flex-grow first:ml-0 ml-[-1px]\"><\/div>\n            <div class=\"blue-column bg-[#EB0000] h-[300vh] flex-grow first:ml-0 ml-[-1px]\"><\/div>\n            <div class=\"blue-column bg-[#EB0000] h-[300vh] flex-grow first:ml-0 ml-[-1px]\"><\/div>\n            <div class=\"blue-column bg-[#EB0000] h-[300vh] flex-grow first:ml-0 ml-[-1px]\"><\/div>\n            <div class=\"blue-column bg-[#EB0000] h-[300vh] flex-grow first:ml-0 ml-[-1px]\"><\/div>\n      <\/div>\n\n  <div class=\" flex h-full items-center mx-auto lg:container 2xl:max-w-screen-2xl w-full lg-pro:w-[calc(100%-80px)]\">\n    <h1 class=\"z-10 px-5 sm:px-10 xl:px-0 py-10 lg-pro:bg-[unset] text-35 md:text-l lg:text-70 2xl:text-xl leading-[1.11] w-screen lg-pro:w-[unset] font-medium text-white\">Nachhaltigkeit<\/h1>\n  <\/div>\n<\/section>\n\n\n\n<section id=\"sustainability\" class=\"sustainability bg-cover  bg-[#020610] bg-no-repeat\" style=\"background-image: url('https:\/\/ht-bc.com\/wp-content\/uploads\/2024\/10\/Sustain-001.png')\">\n  <div class=\"site-container container mx-auto flex flex-col pt-20 lg:pt-[150px]\">\n    <div class=\"content max-w-[1080px] mx-auto text-white pb-20 lg:pb-36\" id=\"sustainability\">\n      <h1 class=\"text-35 md:text-50 lg:text-l xl:text-70 2xl:text-xl leading-[1.1] font-medium mb-8 md:mb-10 lg:mb-16\" data-aos=\"fade-up\">Nachhaltigkeitsziele<\/h1>\n      <div class=\"wysywig text-18 md:text-22 xl:text-26 leading-[1.5]\" data-aos=\"fade-up\" data-aos-delay=\"400\">\n          <p>Wir haben uns ehrgeizige Ziele gesetzt, um \u00f6kologische und soziale Verantwortung in unser Kerngesch\u00e4ft zu integrieren. Unsere Nachhaltigkeitsstrategie und -ziele basieren auf den von den Vereinten Nationen im Jahr 2015 festgelegten Zielen f\u00fcr nachhaltige Entwicklung (Sustainable Development Goals, SDGs).<\/p>\n<p>Unser Hauptaugenmerk liegt auf vier der SDGs der Vereinten Nationen, bei denen wir unser Potenzial f\u00fcr positive Auswirkungen als am h\u00f6chsten einsch\u00e4tzen.<\/p>\n      <\/div>\n    <\/div>\n    <div class=\"goals grid py-9 sm:pt-16 sm:pb-40 max-w-[1080px] mx-auto gap-14 md:gap-20\">\n      <div class=\"image-container flex items-start justify-center\">\n        <img decoding=\"async\" class=\"max-w-[250px] sm:max-w-[unset] mx-auto\" src=\"https:\/\/ht-bc.com\/wp-content\/uploads\/2024\/10\/Sustainable-Logo.svg\" alt=\"\">\n      <\/div>\n      <div class=\"goals grid gap-16 !grid-cols-1\">\n        \n          <div class=\"flex flex-col sm:flex-row text-white\">\n            <div class=\"icon w-[116px] h-[116px] block\">\n              <img decoding=\"async\" class=\"min-w-[116px] min-h-[116px]\" src=\"https:\/\/ht-bc.com\/wp-content\/uploads\/2022\/11\/E-WEB-Goal-08.png \" alt=\"\">\n            <\/div>\n            <div class=\"text mt-5 sm:mt-0 flex flex-col lg:max-w-[597px] sm:ml-8 lg:ml-16 sm:max-w-[60%]\">\n              <h4 class=\"font-semibold text-18 sm:text-26\" data-aos=\"fade-up\">Gesundheit und Sicherheit<\/h4>\n              <p class=\"md:text-22 leading-[1.5]\" data-aos=\"fade-up\" data-aos-delay=\"400\">Gew\u00e4hrleistung der Gesundheit und Sicherheit der Mitarbeiter in allen Bereichen unseres Unternehmens.<p>\n            <\/div>\n          <\/div>\n\n          \n          <div class=\"flex flex-col sm:flex-row text-white\">\n            <div class=\"icon w-[116px] h-[116px] block\">\n              <img decoding=\"async\" class=\"min-w-[116px] min-h-[116px]\" src=\"https:\/\/ht-bc.com\/wp-content\/uploads\/2022\/11\/E-WEB-Goal-12.png \" alt=\"\">\n            <\/div>\n            <div class=\"text mt-5 sm:mt-0 flex flex-col lg:max-w-[597px] sm:ml-8 lg:ml-16 sm:max-w-[60%]\">\n              <h4 class=\"font-semibold text-18 sm:text-26\" data-aos=\"fade-up\">Kreislaufwirtschaft<\/h4>\n              <p class=\"md:text-22 leading-[1.5]\" data-aos=\"fade-up\" data-aos-delay=\"400\">F\u00f6rderung der zunehmenden Nutzung von Sekund\u00e4rressourcen und Einrichtung geeigneter End-of-Life-Prozesse. Das Schlie\u00dfen von Materialkreisl\u00e4ufen minimiert den Einsatz von Ressourcen und die Entstehung von Abf\u00e4llen.<p>\n            <\/div>\n          <\/div>\n\n          \n          <div class=\"flex flex-col sm:flex-row text-white\">\n            <div class=\"icon w-[116px] h-[116px] block\">\n              <img decoding=\"async\" class=\"min-w-[116px] min-h-[116px]\" src=\"https:\/\/ht-bc.com\/wp-content\/uploads\/2022\/11\/E-WEB-Goal-13.png \" alt=\"\">\n            <\/div>\n            <div class=\"text mt-5 sm:mt-0 flex flex-col lg:max-w-[597px] sm:ml-8 lg:ml-16 sm:max-w-[60%]\">\n              <h4 class=\"font-semibold text-18 sm:text-26\" data-aos=\"fade-up\">Treibhausgasemissionen<\/h4>\n              <p class=\"md:text-22 leading-[1.5]\" data-aos=\"fade-up\" data-aos-delay=\"400\">Verringerung der direkten und indirekten Treibhausgasemissionen entlang der gesamten Wertsch\u00f6pfungskette. Treibhausgasemissionen wie CO2 tragen wesentlich zum Klimawandel bei.<p>\n            <\/div>\n          <\/div>\n\n          \n          <div class=\"flex flex-col sm:flex-row text-white\">\n            <div class=\"icon w-[116px] h-[116px] block\">\n              <img decoding=\"async\" class=\"min-w-[116px] min-h-[116px]\" src=\"https:\/\/ht-bc.com\/wp-content\/uploads\/2022\/11\/E-WEB-Goal-17.png \" alt=\"\">\n            <\/div>\n            <div class=\"text mt-5 sm:mt-0 flex flex-col lg:max-w-[597px] sm:ml-8 lg:ml-16 sm:max-w-[60%]\">\n              <h4 class=\"font-semibold text-18 sm:text-26\" data-aos=\"fade-up\">Verantwortungsvolle Beschaffung<\/h4>\n              <p class=\"md:text-22 leading-[1.5]\" data-aos=\"fade-up\" data-aos-delay=\"400\">Beschaffung von Rohstoffen mit geringerem \u00f6kologischen und sozialen Fu\u00dfabdruck. Sicherstellung, dass alle beschafften Materialien sowohl soziale Standards als auch die Umwelt respektieren.<p>\n            <\/div>\n          <\/div>\n\n                <\/div>\n    <\/div>\n  <\/div>\n<\/section>\n\n\n\n<section id=\"contact-cta-block_ce5093ef79ba47da089f0ae706ddacc6\" class=\"contact-cta py-36 md:py-0 md:h-[829px]\" style=\"background-color: #3c3c3c\">\n  <div class=\"site-container text-center flex flex-col items-center justify-center text-white  mx-auto h-full\">\n    <h1 class=\"font-medium leading-[1.1] text-l lg:text-70 xl:text-xl mb-10\" data-aos=\"fade-up\">Lassen Sie uns zusammenarbeiten<\/h1>\n    <div class=\"text\" data-aos=\"fade-up\" data-aos-delay=\"300\"><p>Gerne erfahren wir mehr \u00fcber Ihr Projekt<\/p>\n<\/div>\n    <a href=\"\/de\/contact\" target=\"\" class=\"btn-white-bg  min-w  hover:after:bg-white after:bg-  leading-none text-25 hover:!text-white lg:text-30 text-center\" >Kontaktieren Sie uns<\/a>\n  <\/div>\n<\/section>\n","protected":false},"excerpt":{"rendered":"","protected":false},"author":1,"featured_media":0,"parent":0,"menu_order":0,"comment_status":"closed","ping_status":"closed","template":"","meta":{"_acf_changed":false,"footnotes":""},"class_list":["post-5125","page","type-page","status-publish","hentry"],"acf":[],"yoast_head":"<!-- This site is optimized with the Yoast SEO plugin v27.0 - https:\/\/yoast.com\/product\/yoast-seo-wordpress\/ -->\n<title>Sustainability - H&amp;T Battery Components<\/title>\n<meta name=\"robots\" content=\"index, follow, max-snippet:-1, max-image-preview:large, max-video-preview:-1\" \/>\n<link rel=\"canonical\" href=\"https:\/\/ht-bc.com\/de\/sustainability-2\/\" \/>\n<meta property=\"og:locale\" content=\"de_DE\" \/>\n<meta property=\"og:type\" content=\"article\" \/>\n<meta property=\"og:title\" content=\"Sustainability - H&amp;T Battery Components\" \/>\n<meta property=\"og:url\" content=\"https:\/\/ht-bc.com\/de\/sustainability-2\/\" \/>\n<meta property=\"og:site_name\" content=\"H&amp;T Battery Components\" \/>\n<meta property=\"article:modified_time\" content=\"2024-11-26T10:04:07+00:00\" \/>\n<meta name=\"twitter:card\" content=\"summary_large_image\" \/>\n<script type=\"application\/ld+json\" class=\"yoast-schema-graph\">{\"@context\":\"https:\/\/schema.org\",\"@graph\":[{\"@type\":\"WebPage\",\"@id\":\"https:\/\/ht-bc.com\/de\/sustainability-2\/\",\"url\":\"https:\/\/ht-bc.com\/de\/sustainability-2\/\",\"name\":\"Sustainability - H&amp;T Battery Components\",\"isPartOf\":{\"@id\":\"https:\/\/ht-bc.com\/#website\"},\"datePublished\":\"2024-06-20T14:51:34+00:00\",\"dateModified\":\"2024-11-26T10:04:07+00:00\",\"breadcrumb\":{\"@id\":\"https:\/\/ht-bc.com\/de\/sustainability-2\/#breadcrumb\"},\"inLanguage\":\"de\",\"potentialAction\":[{\"@type\":\"ReadAction\",\"target\":[\"https:\/\/ht-bc.com\/de\/sustainability-2\/\"]}]},{\"@type\":\"BreadcrumbList\",\"@id\":\"https:\/\/ht-bc.com\/de\/sustainability-2\/#breadcrumb\",\"itemListElement\":[{\"@type\":\"ListItem\",\"position\":1,\"name\":\"Home\",\"item\":\"https:\/\/ht-bc.com\/de\/\"},{\"@type\":\"ListItem\",\"position\":2,\"name\":\"Sustainability\"}]},{\"@type\":\"WebSite\",\"@id\":\"https:\/\/ht-bc.com\/#website\",\"url\":\"https:\/\/ht-bc.com\/\",\"name\":\"H&amp;T Battery Components\",\"description\":\"\",\"potentialAction\":[{\"@type\":\"SearchAction\",\"target\":{\"@type\":\"EntryPoint\",\"urlTemplate\":\"https:\/\/ht-bc.com\/?s={search_term_string}\"},\"query-input\":{\"@type\":\"PropertyValueSpecification\",\"valueRequired\":true,\"valueName\":\"search_term_string\"}}],\"inLanguage\":\"de\"}]}<\/script>\n<!-- \/ Yoast SEO plugin. -->","yoast_head_json":{"title":"Sustainability - H&amp;T Battery Components","robots":{"index":"index","follow":"follow","max-snippet":"max-snippet:-1","max-image-preview":"max-image-preview:large","max-video-preview":"max-video-preview:-1"},"canonical":"https:\/\/ht-bc.com\/de\/sustainability-2\/","og_locale":"de_DE","og_type":"article","og_title":"Sustainability - H&amp;T Battery Components","og_url":"https:\/\/ht-bc.com\/de\/sustainability-2\/","og_site_name":"H&amp;T Battery Components","article_modified_time":"2024-11-26T10:04:07+00:00","twitter_card":"summary_large_image","schema":{"@context":"https:\/\/schema.org","@graph":[{"@type":"WebPage","@id":"https:\/\/ht-bc.com\/de\/sustainability-2\/","url":"https:\/\/ht-bc.com\/de\/sustainability-2\/","name":"Sustainability - H&amp;T Battery Components","isPartOf":{"@id":"https:\/\/ht-bc.com\/#website"},"datePublished":"2024-06-20T14:51:34+00:00","dateModified":"2024-11-26T10:04:07+00:00","breadcrumb":{"@id":"https:\/\/ht-bc.com\/de\/sustainability-2\/#breadcrumb"},"inLanguage":"de","potentialAction":[{"@type":"ReadAction","target":["https:\/\/ht-bc.com\/de\/sustainability-2\/"]}]},{"@type":"BreadcrumbList","@id":"https:\/\/ht-bc.com\/de\/sustainability-2\/#breadcrumb","itemListElement":[{"@type":"ListItem","position":1,"name":"Home","item":"https:\/\/ht-bc.com\/de\/"},{"@type":"ListItem","position":2,"name":"Sustainability"}]},{"@type":"WebSite","@id":"https:\/\/ht-bc.com\/#website","url":"https:\/\/ht-bc.com\/","name":"H&amp;T Battery Components","description":"","potentialAction":[{"@type":"SearchAction","target":{"@type":"EntryPoint","urlTemplate":"https:\/\/ht-bc.com\/?s={search_term_string}"},"query-input":{"@type":"PropertyValueSpecification","valueRequired":true,"valueName":"search_term_string"}}],"inLanguage":"de"}]}},"_links":{"self":[{"href":"https:\/\/ht-bc.com\/de\/wp-json\/wp\/v2\/pages\/5125","targetHints":{"allow":["GET"]}}],"collection":[{"href":"https:\/\/ht-bc.com\/de\/wp-json\/wp\/v2\/pages"}],"about":[{"href":"https:\/\/ht-bc.com\/de\/wp-json\/wp\/v2\/types\/page"}],"author":[{"embeddable":true,"href":"https:\/\/ht-bc.com\/de\/wp-json\/wp\/v2\/users\/1"}],"replies":[{"embeddable":true,"href":"https:\/\/ht-bc.com\/de\/wp-json\/wp\/v2\/comments?post=5125"}],"version-history":[{"count":2,"href":"https:\/\/ht-bc.com\/de\/wp-json\/wp\/v2\/pages\/5125\/revisions"}],"predecessor-version":[{"id":5564,"href":"https:\/\/ht-bc.com\/de\/wp-json\/wp\/v2\/pages\/5125\/revisions\/5564"}],"wp:attachment":[{"href":"https:\/\/ht-bc.com\/de\/wp-json\/wp\/v2\/media?parent=5125"}],"curies":[{"name":"wp","href":"https:\/\/api.w.org\/{rel}","templated":true}]}}