{"id":5117,"date":"2024-06-20T14:54:23","date_gmt":"2024-06-20T14:54:23","guid":{"rendered":"https:\/\/ht-bc.com\/ht-battery-components\/"},"modified":"2025-02-14T10:18:16","modified_gmt":"2025-02-14T10:18:16","slug":"ht-battery-components","status":"publish","type":"page","link":"https:\/\/ht-bc.com\/de\/ht-battery-components\/","title":{"rendered":"H&amp;T Battery Components"},"content":{"rendered":"\n<style>\n  #inner-page-hero-block_2eacac4e74e767353956d5b5177d15cb{\n    background-image: url('https:\/\/ht-bc.com\/wp-content\/uploads\/2024\/07\/RED-Header.png'); background-position: center;\n  }\n  \n      @media only screen and (max-width: 768px){\n      #inner-page-hero-block_2eacac4e74e767353956d5b5177d15cb{\n        background-image: url('https:\/\/ht-bc.com\/wp-content\/uploads\/2024\/07\/RED-Header-Mob.jpg');\n      }\n    }\n  <\/style>\n\n<section id=\"inner-page-hero-block_2eacac4e74e767353956d5b5177d15cb\" class=\"inner-page-hero  h-[100vh] sm:h-[80vh] xl:h-screen md:max-h-[640px] smaller  bg-no-repeat bg-right\">\n  \n  <div class=\"shape-overlay flex absolute items-center left-[-40vw] lg-pro:-left-[30vw] top-[-95vh] lg-pro:top-[-31vh] 2xl:top-[-95vh] z-[20] w-[300vw] sm:w-[250vw] lg:w-[200vw] 2xl:w-[140vw] h-[220vh] 2xl:h-[300vh] pointer-events-none\">\n            <div class=\"blue-column bg-[#EB0000] h-[300vh] flex-grow first:ml-0 ml-[-1px]\"><\/div>\n            <div class=\"blue-column bg-[#EB0000] h-[300vh] flex-grow first:ml-0 ml-[-1px]\"><\/div>\n            <div class=\"blue-column bg-[#EB0000] h-[300vh] flex-grow first:ml-0 ml-[-1px]\"><\/div>\n            <div class=\"blue-column bg-[#EB0000] h-[300vh] flex-grow first:ml-0 ml-[-1px]\"><\/div>\n            <div class=\"blue-column bg-[#EB0000] h-[300vh] flex-grow first:ml-0 ml-[-1px]\"><\/div>\n            <div class=\"blue-column bg-[#EB0000] h-[300vh] flex-grow first:ml-0 ml-[-1px]\"><\/div>\n            <div class=\"blue-column bg-[#EB0000] h-[300vh] flex-grow first:ml-0 ml-[-1px]\"><\/div>\n            <div class=\"blue-column bg-[#EB0000] h-[300vh] flex-grow first:ml-0 ml-[-1px]\"><\/div>\n            <div class=\"blue-column bg-[#EB0000] h-[300vh] flex-grow first:ml-0 ml-[-1px]\"><\/div>\n            <div class=\"blue-column bg-[#EB0000] h-[300vh] flex-grow first:ml-0 ml-[-1px]\"><\/div>\n            <div class=\"blue-column bg-[#EB0000] h-[300vh] flex-grow first:ml-0 ml-[-1px]\"><\/div>\n            <div class=\"blue-column bg-[#EB0000] h-[300vh] flex-grow first:ml-0 ml-[-1px]\"><\/div>\n            <div class=\"blue-column bg-[#EB0000] h-[300vh] flex-grow first:ml-0 ml-[-1px]\"><\/div>\n            <div class=\"blue-column bg-[#EB0000] h-[300vh] flex-grow first:ml-0 ml-[-1px]\"><\/div>\n            <div class=\"blue-column bg-[#EB0000] h-[300vh] flex-grow first:ml-0 ml-[-1px]\"><\/div>\n            <div class=\"blue-column bg-[#EB0000] h-[300vh] flex-grow first:ml-0 ml-[-1px]\"><\/div>\n            <div class=\"blue-column bg-[#EB0000] h-[300vh] flex-grow first:ml-0 ml-[-1px]\"><\/div>\n            <div class=\"blue-column bg-[#EB0000] h-[300vh] flex-grow first:ml-0 ml-[-1px]\"><\/div>\n            <div class=\"blue-column bg-[#EB0000] h-[300vh] flex-grow first:ml-0 ml-[-1px]\"><\/div>\n            <div class=\"blue-column bg-[#EB0000] h-[300vh] flex-grow first:ml-0 ml-[-1px]\"><\/div>\n      <\/div>\n\n  <div class=\" flex h-full items-center mx-auto lg:container 2xl:max-w-screen-2xl w-full lg-pro:w-[calc(100%-80px)]\">\n    <h1 class=\"z-10 px-5 sm:px-10 xl:px-0 py-10 lg-pro:bg-[unset] text-35 md:text-l lg:text-70 2xl:text-xl leading-[1.11] w-screen lg-pro:w-[unset] font-medium text-white\">H&#038;T Battery Components<\/h1>\n  <\/div>\n<\/section>\n\n\n\n<section id=\"mission-statement-block_81b6d01d56ae250dfe0fa66579ca7af8\" class=\"mission-statement bg-text py-24 lg:py-36 2xl:pt-[132px] 2xl:pb-[158px] \">\n  <div class=\"site-container flex flex-col contianer mx-auto\">\n    <h2 class=\"text-[35px] leading-[1.12] font-medium text-white mb-5 lg:mb-[40px] text-center xl:text-[70px] xl:leading-[77px]\">Unsere Mission<\/h2>\n          <div class=\"text\">\n        <p>Durch Engagement f\u00fcr Innovation und kontinuierliche Exzellenz hat sich H&amp;T Battery Components zum Weltmarktf\u00fchrer in der Herstellung von Batteriekomponenten f\u00fcr die Geraetebatterieindustrie entwickelt.<\/p>\n      <\/div>\n        <div class=\"statements flex flex-row flex-wrap items-center justify-center md:gap-y-[50px] 2xl:gap-y-[100px]\">\n                <div class=\"statement h-full sm:flex-[50%] md:flex-[33%] xl:flex-[25%] flex-grow-0 sm:px-16 py-4 sm:py-4 sm:my-0 2xl:max-h-[72px]\">\n            <p class=\" text-white text-center text-sm lg-pro:text-xsm 2xl:text-sm xl:leading-[18px]\">KUNDENZUFRIEDENHEIT STEHT BEI UNS AN ERSTER STELLE<\/p>\n          <\/div>\n                  <div class=\"statement h-full sm:flex-[50%] md:flex-[33%] xl:flex-[25%] flex-grow-0 sm:px-16 py-4 sm:py-4 sm:my-0 2xl:max-h-[72px]\">\n            <p class=\" text-white text-center text-sm lg-pro:text-xsm 2xl:text-sm xl:leading-[18px]\">LIEFERANTEN SIND UNSERE GESCH\u00c4FTSPARTNER<\/p>\n          <\/div>\n                  <div class=\"statement h-full sm:flex-[50%] md:flex-[33%] xl:flex-[25%] flex-grow-0 sm:px-16 py-4 sm:py-4 sm:my-0 2xl:max-h-[72px]\">\n            <p class=\" text-white text-center text-sm lg-pro:text-xsm 2xl:text-sm xl:leading-[18px]\">MENSCHEN ARBEITEN ZUSAMMEN ALS GLOBALES TEAM<\/p>\n          <\/div>\n                  <div class=\"statement h-full sm:flex-[50%] md:flex-[33%] xl:flex-[25%] flex-grow-0 sm:px-16 py-4 sm:py-4 sm:my-0 2xl:max-h-[72px]\">\n            <p class=\" text-white text-center text-sm lg-pro:text-xsm 2xl:text-sm xl:leading-[18px]\">KONTINUIERLICHE VERBESSERUNG IN ALLEM, WAS WIR TUN<\/p>\n          <\/div>\n                  <div class=\"statement h-full sm:flex-[50%] md:flex-[33%] xl:flex-[25%] flex-grow-0 sm:px-16 py-4 sm:py-4 sm:my-0 2xl:max-h-[72px]\">\n            <p class=\" text-white text-center text-sm lg-pro:text-xsm 2xl:text-sm xl:leading-[18px]\">INNOVATION WIRD UNSERE ZUKUNFT GESTALTEN<\/p>\n          <\/div>\n                  <div class=\"statement h-full sm:flex-[50%] md:flex-[33%] xl:flex-[25%] flex-grow-0 sm:px-16 py-4 sm:py-4 sm:my-0 2xl:max-h-[72px]\">\n            <p class=\" text-white text-center text-sm lg-pro:text-xsm 2xl:text-sm xl:leading-[18px]\">INTEGRIT\u00c4T WIRD NIEMALS KOMPROMITTIERT WERDEN<\/p>\n          <\/div>\n                  <div class=\"statement h-full sm:flex-[50%] md:flex-[33%] xl:flex-[25%] flex-grow-0 sm:px-16 py-4 sm:py-4 sm:my-0 2xl:max-h-[72px]\">\n            <p class=\" text-white text-center text-sm lg-pro:text-xsm 2xl:text-sm xl:leading-[18px]\">UMWELTSCHUTZ WIRD NACHHALTIGES WACHSTUM ERM\u00d6GLICHEN<\/p>\n          <\/div>\n            <\/div>\n  <\/div>\n<\/section>\n\n\n<style>\n  .logo-links {\n    border-bottom: 1px solid #707070;\n  }\n<\/style>\n<section id=\"logo-links-block_4524c2deb7261dff489407bdbf2cbba8\" class=\"logo-links pt-16 md:pt-28 md:pb-36 pb-24 2xl:pt-[237px]\">\n  <div class=\"site-container flex flex-col mx-auto container\">\n\n    <h4 class=\"text-35 md:text-50 xl:text-70 font-medium leading-[1.1] mb-[55px] lg:mb-16 max-w-[1080px]\">Heitkamp &#038; Thumann Group<\/h4>\n    <div class=\"wysywig text-18 md:text-md 2xl:text-26 leading-[1.27] text-text max-w-[1080px]\">\n      <p>Heitkamp &amp; Thumann Group\u00a0ist ein weltweit f\u00fchrender Partner f\u00fcr die Entwicklung und Lieferung von hochwertigen Pr\u00e4zisionsformteilen aus Metall und Kunststoff.<\/p>\n<p>Die familiengef\u00fchrte Gruppe besteht aus 15 kleinen und mittelst\u00e4ndischen Unternehmen, die 1.800 Mitarbeiter besch\u00e4ftigen. H&amp;T Recharge, H&amp;T Battery Components und H&amp;T Presspart repr\u00e4sentieren die drei Divisionen. H&amp;T Industrial, H&amp;T Tool Design und H&amp;T ProduktionsTechnologie repr\u00e4sentieren die drei unabh\u00e4ngigen Gesch\u00e4ftsbereiche.<\/p>\n<p>Globale Pr\u00e4senz, strategische Vision und eine Unternehmensphilosophie, die Kundenorientierung, Mitarbeiter und Innovation in den Mittelpunkt aller Unternehmensaktivit\u00e4ten stellt, sind ma\u00dfgebend f\u00fcr das stabile Wachstum und den Erfolg der Gruppe.<\/p>\n    <\/div>\n\n    <h6 class=\"text-[14px] leading-tight mt-[55px] mb-20 md:mb-32 text-[#000]\">Klicken Sie auf die Logos unten, um die Webseite zu besuchen:<\/h6>\n\n    <div class=\"divisions grid grid-cols-1 gap-28 lg:gap-36\">\n      \n        <div class=\"division\">\n          \n                      <div class=\"main single grid grid-cols-1 sm:grid-cols-2 lg:grid-cols-3 w-full gap-y-28 lg-pro:max-w-[80%] gap-x-20\" data-aos=\"fade-up\">\n              <a class=\"w-full external external-col\" href=\"https:\/\/www.ht-group.com\/\" target=\"_blank\">\n                <div class=\"logo w-full min-h-[60px]\">\n                  <img decoding=\"async\" class=\"w-full\" src=\"https:\/\/ht-bc.com\/wp-content\/uploads\/2023\/03\/Mobile-HT-Group-Logo.svg\" alt=\"\">\n                <\/div>\n              <\/a>\n            <\/div>\n          \n          <div class=\"grid grid-cols-1 sm:grid-cols-2 lg:grid-cols-3 w-full gap-y-28 lg-pro:max-w-[80%] gap-x-20 \">\n                      <\/div>\n        <\/div>\n\n        \n        <div class=\"division\">\n                      <div class=\"hidden md:block heading w-full border-real-black border-solid border-b pb-2 mb-11\">\n              <h2 class=\"text-26 text-real-black leading-tight\">Heitkamp &#038; Thumann Group \u2013 Divisionen<\/h2>\n            <\/div>\n          \n          \n          <div class=\"grid grid-cols-1 sm:grid-cols-2 lg:grid-cols-3 w-full gap-y-28 lg-pro:max-w-[80%] gap-x-20 \">\n                                          <div  class=\"single  flex flex-col items-start \" data-aos=\"fade-up\" data-aos-delay=\"100\">\n                  <div class=\"logo w-full min-h-[60px]\">\n                    <img decoding=\"async\" class=\"w-full\" src=\"https:\/\/ht-bc.com\/wp-content\/uploads\/2023\/02\/HT-Battery-Logo-1.svg\" alt=\"\">\n                  <\/div>\n                  <div class=\"wysywig text-15 leading-[1.1] mt-0 mb-auto pt-18 hidden md:block\">\n                    <p>H&amp;T Battery Components Division ist der weltweit gr\u00f6\u00dfte Hersteller von Metallkomponenten f\u00fcr Alkalibatterien und bietet seinen Kunden ein umfassendes Portfolio f\u00fcr den Prim\u00e4rbatteriemarkt. Alle Produkte werden mit selbst entwickelten Maschinen und Werkzeugen f\u00fcr das hochpr\u00e4zise Tiefziehen von zylindrischen Batteriebechern hergestellt.<\/p>\n<p><strong>Globally Connected. Locally Committed.<\/strong><\/p>\n                  <\/div>\n                <\/div>\n              \n                                                          <a href=\"https:\/\/www.presspart.com\/\" target=\"_blank\" class=\"single external external-col  flex flex-col items-start \" data-aos=\"fade-up\" data-aos-delay=\"200\">\n                  <div class=\"logo w-full min-h-[60px]\">\n                    <img decoding=\"async\" class=\"w-full\" src=\"https:\/\/ht-bc.com\/wp-content\/uploads\/2023\/02\/HT-Presspart-Logo-1.svg\" alt=\"\">\n                  <\/div>\n                  <div class=\"wysywig text-15 leading-[1.1] mt-0 mb-auto pt-18 hidden md:block\">\n                    <p>H&amp;T Presspart ist ein weltweit f\u00fchrender Spezialist f\u00fcr die Herstellung von tiefgezogenen und spritzgegossenen Komponenten und pharmazeutischen Ger\u00e4ten f\u00fcr die Medikamentenverabreichung. Mit einer breiten Palette von Produkten und Dienstleistungen hat H&amp;T Presspart neue Ma\u00dfst\u00e4be im Bereich der tiefgezogenen und spritzgegossenen Komponenten f\u00fcr medizinische Ger\u00e4te gesetzt und ist der Partner der Wahl f\u00fcr f\u00fchrende Pharmaunternehmen.<\/p>\n<p><strong>Impacting Tomorrow. Together.<\/strong><\/p>\n                  <\/div>\n                <\/a>\n\n                                                          <a href=\"http:\/\/ht-recharge.co.uk\/\" target=\"_blank\" class=\"single external external-col  flex flex-col items-start \" data-aos=\"fade-up\" data-aos-delay=\"300\">\n                  <div class=\"logo w-full min-h-[60px]\">\n                    <img decoding=\"async\" class=\"w-full\" src=\"https:\/\/ht-bc.com\/wp-content\/uploads\/2023\/02\/HT-Recharge-Logo-1.svg\" alt=\"\">\n                  <\/div>\n                  <div class=\"wysywig text-15 leading-[1.1] mt-0 mb-auto pt-18 hidden md:block\">\n                    <p>H&amp;T Recharge ist der bevorzugte Partner f\u00fcr Batteriebecherl\u00f6sungen in der wiederaufladbaren Li-Ionen-Batterieindustrie. H&amp;T Recharge ist fr\u00fch in diese neue Branche eingestiegen und hat sich zum gr\u00f6\u00dften Hersteller von tiefgezogenen Bechern in der westlichen Hemisph\u00e4re entwickelt. H&amp;T Recharge unterst\u00fctzt Hersteller, die die steigende Nachfrage nach zylindrischen Batterien befriedigen wollen, mit einer Reihe von ma\u00dfgeschneiderten Komponentenl\u00f6sungen sowohl f\u00fcr automobile als auch f\u00fcr nicht-automobile Anwendungen.<\/p>\n<p><strong>Energizing Tomorrow. Today.<\/strong><\/p>\n                  <\/div>\n                <\/a>\n\n                                      <\/div>\n        <\/div>\n\n        \n        <div class=\"division\">\n                      <div class=\"hidden md:block heading w-full border-real-black border-solid border-b pb-2 mb-11\">\n              <h2 class=\"text-26 text-real-black leading-tight\">Heitkamp &#038; Thumann Group \u2013 Gesch\u00e4ftsbereiche<\/h2>\n            <\/div>\n          \n          \n          <div class=\"grid grid-cols-1 sm:grid-cols-2 lg:grid-cols-3 w-full gap-y-28 lg-pro:max-w-[80%] gap-x-20 \">\n                                          <a href=\"https:\/\/www.ht-pt.com\/\" target=\"_blank\" class=\"single external external-col  flex flex-col items-start \" data-aos=\"fade-up\" data-aos-delay=\"400\">\n                  <div class=\"logo w-full min-h-[60px]\">\n                    <img decoding=\"async\" class=\"w-full\" src=\"https:\/\/ht-bc.com\/wp-content\/uploads\/2023\/02\/HT-Prod-Tech-Logo-1.svg\" alt=\"\">\n                  <\/div>\n                  <div class=\"wysywig text-15 leading-[1.1] mt-0 mb-auto pt-18 hidden md:block\">\n                    <p>H&amp;T ProduktionsTechnologie ist seit \u00fcber 50 Jahren auf die Entwicklung und den Bau von Werkzeugen, Maschinen und Anlagen f\u00fcr die Metallumformung spezialisiert. Das Unternehmen nutzt erfolgreich die Servoantriebstechnik, um die Anforderungen der Kunden zu erf\u00fcllen.<\/p>\n                  <\/div>\n                <\/a>\n\n                                                          <a href=\"https:\/\/www.htindustrial.com\/\" target=\"_blank\" class=\"single external external-col  flex flex-col items-start \" data-aos=\"fade-up\" data-aos-delay=\"500\">\n                  <div class=\"logo w-full min-h-[60px]\">\n                    <img decoding=\"async\" class=\"w-full\" src=\"https:\/\/ht-bc.com\/wp-content\/uploads\/2023\/02\/HT-Industrial-Logo-1.svg\" alt=\"\">\n                  <\/div>\n                  <div class=\"wysywig text-15 leading-[1.1] mt-0 mb-auto pt-18 hidden md:block\">\n                    <p>H&amp;T Industrial ist einer der weltweit f\u00fchrenden Hersteller von hochpr\u00e4zisen Metallkomponenten, Metallpressteilen und Stanzteilen. Das Unternehmen verf\u00fcgt \u00fcber mehr als 45 Jahre Erfahrung in vielen verschiedenen Industriezweigen und \u00fcber die Produktionskapazit\u00e4t, um M\u00e4rkte mit hohen St\u00fcckzahlen zu bedienen.<\/p>\n                  <\/div>\n                <\/a>\n\n                                                          <a href=\"https:\/\/www.ht-tooldesign.de\/\" target=\"_blank\" class=\"single external external-col  flex flex-col items-start \" data-aos=\"fade-up\" data-aos-delay=\"600\">\n                  <div class=\"logo w-full min-h-[60px]\">\n                    <img decoding=\"async\" class=\"w-full\" src=\"https:\/\/ht-bc.com\/wp-content\/uploads\/2023\/02\/HT-Tool-Design-Logo-2.svg\" alt=\"\">\n                  <\/div>\n                  <div class=\"wysywig text-15 leading-[1.1] mt-0 mb-auto pt-18 hidden md:block\">\n                    <p>H&amp;T Tool Design ist ein hochspezialisierter Partner f\u00fcr die Optimierung von Werkzeugteilen und die Entwicklung von Technologiel\u00f6sungen. Das Unternehmen betreut Werkzeug- und Maschinenteile nach individuellen Kundenw\u00fcnschen. Hier, im gr\u00f6\u00dften Ausbildungsbetrieb der Heitkamp &amp; Thumann Group, wird der technische Nachwuchs ausgebildet.<\/p>\n                  <\/div>\n                <\/a>\n\n                                      <\/div>\n        <\/div>\n\n            <\/div>\n\n    \n  <\/div>\n<\/section>\n\n\n\n<section id=\"contact-cta-block_55f39ec3751905d56087af65ed918e7e\" class=\"contact-cta py-36 md:py-0 md:h-[829px]\" style=\"background-color: #3c3c3c\">\n  <div class=\"site-container text-center flex flex-col items-center justify-center text-white  mx-auto h-full\">\n    <h1 class=\"font-medium leading-[1.1] text-l lg:text-70 xl:text-xl mb-10\" data-aos=\"fade-up\">Lassen Sie uns zusammenarbeiten<\/h1>\n    <div class=\"text\" data-aos=\"fade-up\" data-aos-delay=\"300\"><p>Gerne erfahren wir mehr \u00fcber Ihr Projekt<\/p>\n<\/div>\n    <a href=\"\/de\/contact\" target=\"\" class=\"btn-white-bg  min-w  hover:after:bg-white after:bg-  leading-none text-25 hover:!text-white lg:text-30 text-center\" >Kontaktieren Sie uns<\/a>\n  <\/div>\n<\/section>\n","protected":false},"excerpt":{"rendered":"","protected":false},"author":1,"featured_media":0,"parent":0,"menu_order":0,"comment_status":"closed","ping_status":"closed","template":"","meta":{"_acf_changed":false,"footnotes":""},"class_list":["post-5117","page","type-page","status-publish","hentry"],"acf":[],"yoast_head":"<!-- This site is optimized with the Yoast SEO plugin v27.0 - https:\/\/yoast.com\/product\/yoast-seo-wordpress\/ -->\n<title>H&amp;T Battery Components - H&amp;T Battery Components<\/title>\n<meta name=\"robots\" content=\"index, follow, max-snippet:-1, max-image-preview:large, max-video-preview:-1\" \/>\n<link rel=\"canonical\" href=\"https:\/\/ht-bc.com\/de\/ht-battery-components\/\" \/>\n<meta property=\"og:locale\" content=\"de_DE\" \/>\n<meta property=\"og:type\" content=\"article\" \/>\n<meta property=\"og:title\" content=\"H&amp;T Battery Components - H&amp;T Battery Components\" \/>\n<meta property=\"og:url\" content=\"https:\/\/ht-bc.com\/de\/ht-battery-components\/\" \/>\n<meta property=\"og:site_name\" content=\"H&amp;T Battery Components\" \/>\n<meta property=\"article:modified_time\" content=\"2025-02-14T10:18:16+00:00\" \/>\n<meta name=\"twitter:card\" content=\"summary_large_image\" \/>\n<script type=\"application\/ld+json\" class=\"yoast-schema-graph\">{\"@context\":\"https:\/\/schema.org\",\"@graph\":[{\"@type\":\"WebPage\",\"@id\":\"https:\/\/ht-bc.com\/de\/ht-battery-components\/\",\"url\":\"https:\/\/ht-bc.com\/de\/ht-battery-components\/\",\"name\":\"H&amp;T Battery Components - H&amp;T Battery Components\",\"isPartOf\":{\"@id\":\"https:\/\/ht-bc.com\/#website\"},\"datePublished\":\"2024-06-20T14:54:23+00:00\",\"dateModified\":\"2025-02-14T10:18:16+00:00\",\"breadcrumb\":{\"@id\":\"https:\/\/ht-bc.com\/de\/ht-battery-components\/#breadcrumb\"},\"inLanguage\":\"de\",\"potentialAction\":[{\"@type\":\"ReadAction\",\"target\":[\"https:\/\/ht-bc.com\/de\/ht-battery-components\/\"]}]},{\"@type\":\"BreadcrumbList\",\"@id\":\"https:\/\/ht-bc.com\/de\/ht-battery-components\/#breadcrumb\",\"itemListElement\":[{\"@type\":\"ListItem\",\"position\":1,\"name\":\"Home\",\"item\":\"https:\/\/ht-bc.com\/de\/\"},{\"@type\":\"ListItem\",\"position\":2,\"name\":\"H&amp;T Battery Components\"}]},{\"@type\":\"WebSite\",\"@id\":\"https:\/\/ht-bc.com\/#website\",\"url\":\"https:\/\/ht-bc.com\/\",\"name\":\"H&amp;T Battery Components\",\"description\":\"\",\"potentialAction\":[{\"@type\":\"SearchAction\",\"target\":{\"@type\":\"EntryPoint\",\"urlTemplate\":\"https:\/\/ht-bc.com\/?s={search_term_string}\"},\"query-input\":{\"@type\":\"PropertyValueSpecification\",\"valueRequired\":true,\"valueName\":\"search_term_string\"}}],\"inLanguage\":\"de\"}]}<\/script>\n<!-- \/ Yoast SEO plugin. -->","yoast_head_json":{"title":"H&amp;T Battery Components - H&amp;T Battery Components","robots":{"index":"index","follow":"follow","max-snippet":"max-snippet:-1","max-image-preview":"max-image-preview:large","max-video-preview":"max-video-preview:-1"},"canonical":"https:\/\/ht-bc.com\/de\/ht-battery-components\/","og_locale":"de_DE","og_type":"article","og_title":"H&amp;T Battery Components - H&amp;T Battery Components","og_url":"https:\/\/ht-bc.com\/de\/ht-battery-components\/","og_site_name":"H&amp;T Battery Components","article_modified_time":"2025-02-14T10:18:16+00:00","twitter_card":"summary_large_image","schema":{"@context":"https:\/\/schema.org","@graph":[{"@type":"WebPage","@id":"https:\/\/ht-bc.com\/de\/ht-battery-components\/","url":"https:\/\/ht-bc.com\/de\/ht-battery-components\/","name":"H&amp;T Battery Components - H&amp;T Battery Components","isPartOf":{"@id":"https:\/\/ht-bc.com\/#website"},"datePublished":"2024-06-20T14:54:23+00:00","dateModified":"2025-02-14T10:18:16+00:00","breadcrumb":{"@id":"https:\/\/ht-bc.com\/de\/ht-battery-components\/#breadcrumb"},"inLanguage":"de","potentialAction":[{"@type":"ReadAction","target":["https:\/\/ht-bc.com\/de\/ht-battery-components\/"]}]},{"@type":"BreadcrumbList","@id":"https:\/\/ht-bc.com\/de\/ht-battery-components\/#breadcrumb","itemListElement":[{"@type":"ListItem","position":1,"name":"Home","item":"https:\/\/ht-bc.com\/de\/"},{"@type":"ListItem","position":2,"name":"H&amp;T Battery Components"}]},{"@type":"WebSite","@id":"https:\/\/ht-bc.com\/#website","url":"https:\/\/ht-bc.com\/","name":"H&amp;T Battery Components","description":"","potentialAction":[{"@type":"SearchAction","target":{"@type":"EntryPoint","urlTemplate":"https:\/\/ht-bc.com\/?s={search_term_string}"},"query-input":{"@type":"PropertyValueSpecification","valueRequired":true,"valueName":"search_term_string"}}],"inLanguage":"de"}]}},"_links":{"self":[{"href":"https:\/\/ht-bc.com\/de\/wp-json\/wp\/v2\/pages\/5117","targetHints":{"allow":["GET"]}}],"collection":[{"href":"https:\/\/ht-bc.com\/de\/wp-json\/wp\/v2\/pages"}],"about":[{"href":"https:\/\/ht-bc.com\/de\/wp-json\/wp\/v2\/types\/page"}],"author":[{"embeddable":true,"href":"https:\/\/ht-bc.com\/de\/wp-json\/wp\/v2\/users\/1"}],"replies":[{"embeddable":true,"href":"https:\/\/ht-bc.com\/de\/wp-json\/wp\/v2\/comments?post=5117"}],"version-history":[{"count":7,"href":"https:\/\/ht-bc.com\/de\/wp-json\/wp\/v2\/pages\/5117\/revisions"}],"predecessor-version":[{"id":5714,"href":"https:\/\/ht-bc.com\/de\/wp-json\/wp\/v2\/pages\/5117\/revisions\/5714"}],"wp:attachment":[{"href":"https:\/\/ht-bc.com\/de\/wp-json\/wp\/v2\/media?parent=5117"}],"curies":[{"name":"wp","href":"https:\/\/api.w.org\/{rel}","templated":true}]}}